{"id":1070,"date":"2025-02-11T12:31:21","date_gmt":"2025-02-11T11:31:21","guid":{"rendered":"https:\/\/www.mtmthetalentagency.com\/?page_id=1070"},"modified":"2025-02-11T13:05:46","modified_gmt":"2025-02-11T12:05:46","slug":"aviso-legal","status":"publish","type":"page","link":"https:\/\/www.mtmthetalentagency.com\/en\/aviso-legal\/","title":{"rendered":"Legal Notice"},"content":{"rendered":"<div data-elementor-type=\"wp-page\" data-elementor-id=\"1070\" class=\"elementor elementor-1070\" data-elementor-post-type=\"page\">\n\t\t\t\t<div class=\"elementor-element elementor-element-d3cba04 e-flex e-con-boxed e-con e-parent\" data-id=\"d3cba04\" data-element_type=\"container\" data-settings=\"{&quot;background_background&quot;:&quot;classic&quot;,&quot;shape_divider_top&quot;:&quot;arrow&quot;}\">\n\t\t\t\t\t<div class=\"e-con-inner\">\n\t\t\t\t<div class=\"elementor-shape elementor-shape-top\" aria-hidden=\"true\" data-negative=\"false\">\n\t\t\t<svg xmlns=\"http:\/\/www.w3.org\/2000\/svg\" viewbox=\"0 0 700 10\" preserveaspectratio=\"none\">\n\t<path class=\"elementor-shape-fill\" d=\"M350,10L340,0h20L350,10z\"\/>\n<\/svg>\t\t<\/div>\n\t\t\t\t<div class=\"elementor-element elementor-element-6cd393b elementor-widget elementor-widget-heading\" data-id=\"6cd393b\" data-element_type=\"widget\" data-widget_type=\"heading.default\">\n\t\t\t\t<div class=\"elementor-widget-container\">\n\t\t\t\t\t<h2 class=\"elementor-heading-title elementor-size-default\">Legal Notice<\/h2>\t\t\t\t<\/div>\n\t\t\t\t<\/div>\n\t\t\t\t<div class=\"elementor-element elementor-element-d52b7a3 elementor-widget elementor-widget-text-editor\" data-id=\"d52b7a3\" data-element_type=\"widget\" data-widget_type=\"text-editor.default\">\n\t\t\t\t<div class=\"elementor-widget-container\">\n\t\t\t\t\t\t\t\t\t1. Identificaci\u00f3n del Titular\nEn cumplimiento con lo establecido en la Ley 34\/2002, de Servicios de la Sociedad de la Informaci\u00f3n y de Comercio Electr\u00f3nico (LSSI-CE), se informa que el presente sitio web www.mtmthetalentagency.com es propiedad de DAJOR PRODUCCIONES, S.L., con NIF B75867150, domicilio en Serrano, 19 4D &#8211; 28001 Madrid (Madrid), tel\u00e9fono de contacto +356 61408364 y correo electr\u00f3nico info@mtmthetalentagency.com.\n\n2. Objeto\nEl presente Aviso Legal regula las condiciones de uso del sitio web www.mtmthetalentagency.com. El acceso y navegaci\u00f3n en este sitio web atribuyen la condici\u00f3n de usuario e implican la aceptaci\u00f3n de los t\u00e9rminos y condiciones aqu\u00ed establecidos.\n\n3. Propiedad Intelectual e Industrial\nTodos los contenidos del sitio web (textos, im\u00e1genes, logotipos, v\u00eddeos, dise\u00f1o gr\u00e1fico, estructura, etc.) est\u00e1n protegidos por derechos de propiedad intelectual e industrial, perteneciendo a DAJOR PRODUCCIONES, S.L. o a terceros con licencia expresa. Queda prohibida la reproducci\u00f3n, distribuci\u00f3n o modificaci\u00f3n sin autorizaci\u00f3n previa.\n\n4. Responsabilidad\nEl titular no se responsabiliza del mal uso que se pueda hacer del contenido de la web, ni de los da\u00f1os que puedan derivarse del acceso o uso indebido de la informaci\u00f3n en ella contenida.\n\n5. Protecci\u00f3n de Datos Personales\nEl tratamiento de los datos personales recopilados a trav\u00e9s de esta web se regir\u00e1 por lo establecido en la Pol\u00edtica de Privacidad.\n\n\t\t\t\t\t\t\t\t<\/div>\n\t\t\t\t<\/div>\n\t\t\t\t\t<\/div>\n\t\t\t\t<\/div>\n\t\t\t\t<\/div>","protected":false},"excerpt":{"rendered":"<p>Aviso Legal 1. Identificaci\u00f3n del Titular En cumplimiento con lo establecido en la Ley 34\/2002, de Servicios de la Sociedad de la Informaci\u00f3n y de Comercio Electr\u00f3nico (LSSI-CE), se informa que el presente sitio web www.mtmthetalentagency.com es propiedad de DAJOR PRODUCCIONES, S.L., con NIF B75867150, domicilio en Serrano, 19 4D &#8211; 28001 Madrid (Madrid), tel\u00e9fono [&hellip;]<\/p>","protected":false},"author":1,"featured_media":0,"parent":0,"menu_order":0,"comment_status":"closed","ping_status":"closed","template":"elementor_header_footer","meta":{"_acf_changed":false,"footnotes":""},"class_list":["post-1070","page","type-page","status-publish","hentry"],"acf":[],"yoast_head":"<!-- This site is optimized with the Yoast SEO plugin v25.1 - https:\/\/yoast.com\/wordpress\/plugins\/seo\/ -->\n<title>Aviso Legal - empresa de organizacion de eventos madrid<\/title>\n<meta name=\"robots\" content=\"noindex, follow\" \/>\n<meta property=\"og:locale\" content=\"en_GB\" \/>\n<meta property=\"og:type\" content=\"article\" \/>\n<meta property=\"og:title\" content=\"Aviso Legal - empresa de organizacion de eventos madrid\" \/>\n<meta property=\"og:description\" content=\"Aviso Legal 1. Identificaci\u00f3n del Titular En cumplimiento con lo establecido en la Ley 34\/2002, de Servicios de la Sociedad de la Informaci\u00f3n y de Comercio Electr\u00f3nico (LSSI-CE), se informa que el presente sitio web www.mtmthetalentagency.com es propiedad de DAJOR PRODUCCIONES, S.L., con NIF B75867150, domicilio en Serrano, 19 4D &#8211; 28001 Madrid (Madrid), tel\u00e9fono [&hellip;]\" \/>\n<meta property=\"og:url\" content=\"https:\/\/www.mtmthetalentagency.com\/en\/aviso-legal\/\" \/>\n<meta property=\"og:site_name\" content=\"empresa de organizacion de eventos madrid\" \/>\n<meta property=\"article:modified_time\" content=\"2025-02-11T12:05:46+00:00\" \/>\n<meta name=\"twitter:card\" content=\"summary_large_image\" \/>\n<meta name=\"twitter:label1\" content=\"Estimated reading time\" \/>\n\t<meta name=\"twitter:data1\" content=\"1 minute\" \/>\n<script type=\"application\/ld+json\" class=\"yoast-schema-graph\">{\"@context\":\"https:\/\/schema.org\",\"@graph\":[{\"@type\":\"WebPage\",\"@id\":\"https:\/\/www.mtmthetalentagency.com\/aviso-legal\/\",\"url\":\"https:\/\/www.mtmthetalentagency.com\/aviso-legal\/\",\"name\":\"Aviso Legal - empresa de organizacion de eventos madrid\",\"isPartOf\":{\"@id\":\"https:\/\/www.mtmthetalentagency.com\/#website\"},\"datePublished\":\"2025-02-11T11:31:21+00:00\",\"dateModified\":\"2025-02-11T12:05:46+00:00\",\"breadcrumb\":{\"@id\":\"https:\/\/www.mtmthetalentagency.com\/aviso-legal\/#breadcrumb\"},\"inLanguage\":\"en-GB\",\"potentialAction\":[{\"@type\":\"ReadAction\",\"target\":[\"https:\/\/www.mtmthetalentagency.com\/aviso-legal\/\"]}]},{\"@type\":\"BreadcrumbList\",\"@id\":\"https:\/\/www.mtmthetalentagency.com\/aviso-legal\/#breadcrumb\",\"itemListElement\":[{\"@type\":\"ListItem\",\"position\":1,\"name\":\"Portada\",\"item\":\"https:\/\/www.mtmthetalentagency.com\/\"},{\"@type\":\"ListItem\",\"position\":2,\"name\":\"Aviso Legal\"}]},{\"@type\":\"WebSite\",\"@id\":\"https:\/\/www.mtmthetalentagency.com\/#website\",\"url\":\"https:\/\/www.mtmthetalentagency.com\/\",\"name\":\"empresa de organizacion de eventos madrid\",\"description\":\"Agencia de organizaci\u00f3n de eventos en Madrid especializada en bodas de lujo, eventos corporativos y discotecas exclusivas. Representamos a artistas de alto nivel: DJs, cantantes, bailarines y acr\u00f3batas. Creamos experiencias \u00fanicas con personalizaci\u00f3n, innovaci\u00f3n y un enfoque integral. \u00a1Conf\u00eda en los l\u00edderes en eventos exclusivos y espect\u00e1culos en Madrid!\",\"publisher\":{\"@id\":\"https:\/\/www.mtmthetalentagency.com\/#organization\"},\"potentialAction\":[{\"@type\":\"SearchAction\",\"target\":{\"@type\":\"EntryPoint\",\"urlTemplate\":\"https:\/\/www.mtmthetalentagency.com\/?s={search_term_string}\"},\"query-input\":{\"@type\":\"PropertyValueSpecification\",\"valueRequired\":true,\"valueName\":\"search_term_string\"}}],\"inLanguage\":\"en-GB\"},{\"@type\":\"Organization\",\"@id\":\"https:\/\/www.mtmthetalentagency.com\/#organization\",\"name\":\"empresa de organizacion de eventos madrid\",\"url\":\"https:\/\/www.mtmthetalentagency.com\/\",\"logo\":{\"@type\":\"ImageObject\",\"inLanguage\":\"en-GB\",\"@id\":\"https:\/\/www.mtmthetalentagency.com\/#\/schema\/logo\/image\/\",\"url\":\"https:\/\/www.mtmthetalentagency.com\/wp-content\/uploads\/2025\/01\/cropped-mtmthetalentagency.jpg\",\"contentUrl\":\"https:\/\/www.mtmthetalentagency.com\/wp-content\/uploads\/2025\/01\/cropped-mtmthetalentagency.jpg\",\"width\":512,\"height\":512,\"caption\":\"empresa de organizacion de eventos madrid\"},\"image\":{\"@id\":\"https:\/\/www.mtmthetalentagency.com\/#\/schema\/logo\/image\/\"}}]}<\/script>\n<!-- \/ Yoast SEO plugin. -->","yoast_head_json":{"title":"Aviso Legal - empresa de organizacion de eventos madrid","robots":{"index":"noindex","follow":"follow"},"og_locale":"en_GB","og_type":"article","og_title":"Aviso Legal - empresa de organizacion de eventos madrid","og_description":"Aviso Legal 1. Identificaci\u00f3n del Titular En cumplimiento con lo establecido en la Ley 34\/2002, de Servicios de la Sociedad de la Informaci\u00f3n y de Comercio Electr\u00f3nico (LSSI-CE), se informa que el presente sitio web www.mtmthetalentagency.com es propiedad de DAJOR PRODUCCIONES, S.L., con NIF B75867150, domicilio en Serrano, 19 4D &#8211; 28001 Madrid (Madrid), tel\u00e9fono [&hellip;]","og_url":"https:\/\/www.mtmthetalentagency.com\/en\/aviso-legal\/","og_site_name":"empresa de organizacion de eventos madrid","article_modified_time":"2025-02-11T12:05:46+00:00","twitter_card":"summary_large_image","twitter_misc":{"Estimated reading time":"1 minute"},"schema":{"@context":"https:\/\/schema.org","@graph":[{"@type":"WebPage","@id":"https:\/\/www.mtmthetalentagency.com\/aviso-legal\/","url":"https:\/\/www.mtmthetalentagency.com\/aviso-legal\/","name":"Aviso Legal - empresa de organizacion de eventos madrid","isPartOf":{"@id":"https:\/\/www.mtmthetalentagency.com\/#website"},"datePublished":"2025-02-11T11:31:21+00:00","dateModified":"2025-02-11T12:05:46+00:00","breadcrumb":{"@id":"https:\/\/www.mtmthetalentagency.com\/aviso-legal\/#breadcrumb"},"inLanguage":"en-GB","potentialAction":[{"@type":"ReadAction","target":["https:\/\/www.mtmthetalentagency.com\/aviso-legal\/"]}]},{"@type":"BreadcrumbList","@id":"https:\/\/www.mtmthetalentagency.com\/aviso-legal\/#breadcrumb","itemListElement":[{"@type":"ListItem","position":1,"name":"Portada","item":"https:\/\/www.mtmthetalentagency.com\/"},{"@type":"ListItem","position":2,"name":"Aviso Legal"}]},{"@type":"WebSite","@id":"https:\/\/www.mtmthetalentagency.com\/#website","url":"https:\/\/www.mtmthetalentagency.com\/","name":"empresa de organizacion de eventos madrid","description":"Agencia de organizaci\u00f3n de eventos en Madrid especializada en bodas de lujo, eventos corporativos y discotecas exclusivas. Representamos a artistas de alto nivel: DJs, cantantes, bailarines y acr\u00f3batas. Creamos experiencias \u00fanicas con personalizaci\u00f3n, innovaci\u00f3n y un enfoque integral. \u00a1Conf\u00eda en los l\u00edderes en eventos exclusivos y espect\u00e1culos en Madrid!","publisher":{"@id":"https:\/\/www.mtmthetalentagency.com\/#organization"},"potentialAction":[{"@type":"SearchAction","target":{"@type":"EntryPoint","urlTemplate":"https:\/\/www.mtmthetalentagency.com\/?s={search_term_string}"},"query-input":{"@type":"PropertyValueSpecification","valueRequired":true,"valueName":"search_term_string"}}],"inLanguage":"en-GB"},{"@type":"Organization","@id":"https:\/\/www.mtmthetalentagency.com\/#organization","name":"empresa de organizacion de eventos madrid","url":"https:\/\/www.mtmthetalentagency.com\/","logo":{"@type":"ImageObject","inLanguage":"en-GB","@id":"https:\/\/www.mtmthetalentagency.com\/#\/schema\/logo\/image\/","url":"https:\/\/www.mtmthetalentagency.com\/wp-content\/uploads\/2025\/01\/cropped-mtmthetalentagency.jpg","contentUrl":"https:\/\/www.mtmthetalentagency.com\/wp-content\/uploads\/2025\/01\/cropped-mtmthetalentagency.jpg","width":512,"height":512,"caption":"empresa de organizacion de eventos madrid"},"image":{"@id":"https:\/\/www.mtmthetalentagency.com\/#\/schema\/logo\/image\/"}}]}},"_links":{"self":[{"href":"https:\/\/www.mtmthetalentagency.com\/en\/wp-json\/wp\/v2\/pages\/1070","targetHints":{"allow":["GET"]}}],"collection":[{"href":"https:\/\/www.mtmthetalentagency.com\/en\/wp-json\/wp\/v2\/pages"}],"about":[{"href":"https:\/\/www.mtmthetalentagency.com\/en\/wp-json\/wp\/v2\/types\/page"}],"author":[{"embeddable":true,"href":"https:\/\/www.mtmthetalentagency.com\/en\/wp-json\/wp\/v2\/users\/1"}],"replies":[{"embeddable":true,"href":"https:\/\/www.mtmthetalentagency.com\/en\/wp-json\/wp\/v2\/comments?post=1070"}],"version-history":[{"count":10,"href":"https:\/\/www.mtmthetalentagency.com\/en\/wp-json\/wp\/v2\/pages\/1070\/revisions"}],"predecessor-version":[{"id":1110,"href":"https:\/\/www.mtmthetalentagency.com\/en\/wp-json\/wp\/v2\/pages\/1070\/revisions\/1110"}],"wp:attachment":[{"href":"https:\/\/www.mtmthetalentagency.com\/en\/wp-json\/wp\/v2\/media?parent=1070"}],"curies":[{"name":"wp","href":"https:\/\/api.w.org\/{rel}","templated":true}]}}