{"id":1076,"date":"2025-02-11T12:39:04","date_gmt":"2025-02-11T11:39:04","guid":{"rendered":"https:\/\/www.mtmthetalentagency.com\/?page_id=1076"},"modified":"2025-02-11T12:49:04","modified_gmt":"2025-02-11T11:49:04","slug":"politica-privacidad-2","status":"publish","type":"page","link":"https:\/\/www.mtmthetalentagency.com\/en\/politica-privacidad-2\/","title":{"rendered":"Privacy policy"},"content":{"rendered":"<div data-elementor-type=\"wp-page\" data-elementor-id=\"1076\" class=\"elementor elementor-1076\" data-elementor-post-type=\"page\">\n\t\t\t\t<div class=\"elementor-element elementor-element-c1b4a80 e-flex e-con-boxed e-con e-parent\" data-id=\"c1b4a80\" data-element_type=\"container\" data-settings=\"{&quot;background_background&quot;:&quot;classic&quot;,&quot;shape_divider_top&quot;:&quot;arrow&quot;}\">\n\t\t\t\t\t<div class=\"e-con-inner\">\n\t\t\t\t<div class=\"elementor-shape elementor-shape-top\" aria-hidden=\"true\" data-negative=\"false\">\n\t\t\t<svg xmlns=\"http:\/\/www.w3.org\/2000\/svg\" viewbox=\"0 0 700 10\" preserveaspectratio=\"none\">\n\t<path class=\"elementor-shape-fill\" d=\"M350,10L340,0h20L350,10z\"\/>\n<\/svg>\t\t<\/div>\n\t\t\t\t<div class=\"elementor-element elementor-element-081c9cf elementor-widget elementor-widget-heading\" data-id=\"081c9cf\" data-element_type=\"widget\" data-widget_type=\"heading.default\">\n\t\t\t\t<div class=\"elementor-widget-container\">\n\t\t\t\t\t<h2 class=\"elementor-heading-title elementor-size-default\">Pol\u00edtica de privacidad<\/h2>\t\t\t\t<\/div>\n\t\t\t\t<\/div>\n\t\t\t\t<div class=\"elementor-element elementor-element-7543217 elementor-widget elementor-widget-text-editor\" data-id=\"7543217\" data-element_type=\"widget\" data-widget_type=\"text-editor.default\">\n\t\t\t\t<div class=\"elementor-widget-container\">\n\t\t\t\t\t\t\t\t\t1. Responsable del Tratamiento\nLos datos personales recogidos en este sitio web son tratados por DAJOR PRODUCCIONES, S.L., con NIF B75867150, domicilio en Serrano, 19 4D &#8211; 28001 Madrid (Madrid), tel\u00e9fono +356 61408364 y correo electr\u00f3nico info@mtmthetalentagency.com.\n\n2. Datos Recopilados\nLos datos personales recopilados a trav\u00e9s de los formularios de contacto incluyen:\n\nNombre y apellidos\n\nCorreo electr\u00f3nico\n\nTel\u00e9fono\n\nProfesi\u00f3n\n\n3. Finalidad del Tratamiento\nLos datos se recogen con las siguientes finalidades:\n\nResponder a consultas y solicitudes de los usuarios.\n\nGestionar la contrataci\u00f3n de servicios ofrecidos por la empresa.\n\nEnviar comunicaciones comerciales sobre servicios y eventos.\n\n4. Legitimaci\u00f3n del Tratamiento\nEl tratamiento de datos se basa en el consentimiento del usuario y\/o en la ejecuci\u00f3n de un contrato cuando sea necesario.\n\n5. Cesi\u00f3n de Datos a Terceros\nLos datos podr\u00e1n ser compartidos con proveedores de servicios estrictamente necesarios para el funcionamiento del sitio web y la prestaci\u00f3n de servicios contratados (ej. plataformas de pago, herramientas de marketing digital). No se ceder\u00e1n a terceros sin consentimiento previo.\n\n6. Derechos del Usuario\nEl usuario puede ejercer sus derechos de acceso, rectificaci\u00f3n, supresi\u00f3n, oposici\u00f3n, portabilidad y limitaci\u00f3n del tratamiento, enviando una solicitud a info@mtmthetalentagency.com. Tambi\u00e9n tiene derecho a presentar una reclamaci\u00f3n ante la Agencia Espa\u00f1ola de Protecci\u00f3n de Datos si considera que sus derechos han sido vulnerados.\n\n7. Seguridad de los Datos\nDAJOR PRODUCCIONES, S.L. implementa medidas de seguridad para proteger la informaci\u00f3n contra accesos no autorizados, alteraciones o p\u00e9rdidas.\t\t\t\t\t\t\t\t<\/div>\n\t\t\t\t<\/div>\n\t\t\t\t\t<\/div>\n\t\t\t\t<\/div>\n\t\t\t\t<\/div>","protected":false},"excerpt":{"rendered":"<p>Pol\u00edtica de privacidad 1. Responsable del Tratamiento Los datos personales recogidos en este sitio web son tratados por DAJOR PRODUCCIONES, S.L., con NIF B75867150, domicilio en Serrano, 19 4D &#8211; 28001 Madrid (Madrid), tel\u00e9fono +356 61408364 y correo electr\u00f3nico info@mtmthetalentagency.com. 2. Datos Recopilados Los datos personales recopilados a trav\u00e9s de los formularios de contacto incluyen: [&hellip;]<\/p>","protected":false},"author":1,"featured_media":0,"parent":0,"menu_order":0,"comment_status":"closed","ping_status":"closed","template":"elementor_header_footer","meta":{"_acf_changed":false,"footnotes":""},"class_list":["post-1076","page","type-page","status-publish","hentry"],"acf":[],"yoast_head":"<!-- This site is optimized with the Yoast SEO plugin v25.1 - https:\/\/yoast.com\/wordpress\/plugins\/seo\/ -->\n<title>Pol\u00edtica de Privacidad - empresa de organizacion de eventos madrid<\/title>\n<meta name=\"robots\" content=\"noindex, follow\" \/>\n<meta property=\"og:locale\" content=\"en_GB\" \/>\n<meta property=\"og:type\" content=\"article\" \/>\n<meta property=\"og:title\" content=\"Pol\u00edtica de Privacidad - empresa de organizacion de eventos madrid\" \/>\n<meta property=\"og:description\" content=\"Pol\u00edtica de privacidad 1. Responsable del Tratamiento Los datos personales recogidos en este sitio web son tratados por DAJOR PRODUCCIONES, S.L., con NIF B75867150, domicilio en Serrano, 19 4D &#8211; 28001 Madrid (Madrid), tel\u00e9fono +356 61408364 y correo electr\u00f3nico info@mtmthetalentagency.com. 2. Datos Recopilados Los datos personales recopilados a trav\u00e9s de los formularios de contacto incluyen: [&hellip;]\" \/>\n<meta property=\"og:url\" content=\"https:\/\/www.mtmthetalentagency.com\/en\/politica-privacidad-2\/\" \/>\n<meta property=\"og:site_name\" content=\"empresa de organizacion de eventos madrid\" \/>\n<meta property=\"article:modified_time\" content=\"2025-02-11T11:49:04+00:00\" \/>\n<meta name=\"twitter:card\" content=\"summary_large_image\" \/>\n<meta name=\"twitter:label1\" content=\"Estimated reading time\" \/>\n\t<meta name=\"twitter:data1\" content=\"1 minute\" \/>\n<script type=\"application\/ld+json\" class=\"yoast-schema-graph\">{\"@context\":\"https:\/\/schema.org\",\"@graph\":[{\"@type\":\"WebPage\",\"@id\":\"https:\/\/www.mtmthetalentagency.com\/politica-privacidad-2\/\",\"url\":\"https:\/\/www.mtmthetalentagency.com\/politica-privacidad-2\/\",\"name\":\"Pol\u00edtica de Privacidad - empresa de organizacion de eventos madrid\",\"isPartOf\":{\"@id\":\"https:\/\/www.mtmthetalentagency.com\/#website\"},\"datePublished\":\"2025-02-11T11:39:04+00:00\",\"dateModified\":\"2025-02-11T11:49:04+00:00\",\"breadcrumb\":{\"@id\":\"https:\/\/www.mtmthetalentagency.com\/politica-privacidad-2\/#breadcrumb\"},\"inLanguage\":\"en-GB\",\"potentialAction\":[{\"@type\":\"ReadAction\",\"target\":[\"https:\/\/www.mtmthetalentagency.com\/politica-privacidad-2\/\"]}]},{\"@type\":\"BreadcrumbList\",\"@id\":\"https:\/\/www.mtmthetalentagency.com\/politica-privacidad-2\/#breadcrumb\",\"itemListElement\":[{\"@type\":\"ListItem\",\"position\":1,\"name\":\"Portada\",\"item\":\"https:\/\/www.mtmthetalentagency.com\/\"},{\"@type\":\"ListItem\",\"position\":2,\"name\":\"Pol\u00edtica de Privacidad\"}]},{\"@type\":\"WebSite\",\"@id\":\"https:\/\/www.mtmthetalentagency.com\/#website\",\"url\":\"https:\/\/www.mtmthetalentagency.com\/\",\"name\":\"empresa de organizacion de eventos madrid\",\"description\":\"Agencia de organizaci\u00f3n de eventos en Madrid especializada en bodas de lujo, eventos corporativos y discotecas exclusivas. Representamos a artistas de alto nivel: DJs, cantantes, bailarines y acr\u00f3batas. Creamos experiencias \u00fanicas con personalizaci\u00f3n, innovaci\u00f3n y un enfoque integral. \u00a1Conf\u00eda en los l\u00edderes en eventos exclusivos y espect\u00e1culos en Madrid!\",\"publisher\":{\"@id\":\"https:\/\/www.mtmthetalentagency.com\/#organization\"},\"potentialAction\":[{\"@type\":\"SearchAction\",\"target\":{\"@type\":\"EntryPoint\",\"urlTemplate\":\"https:\/\/www.mtmthetalentagency.com\/?s={search_term_string}\"},\"query-input\":{\"@type\":\"PropertyValueSpecification\",\"valueRequired\":true,\"valueName\":\"search_term_string\"}}],\"inLanguage\":\"en-GB\"},{\"@type\":\"Organization\",\"@id\":\"https:\/\/www.mtmthetalentagency.com\/#organization\",\"name\":\"empresa de organizacion de eventos madrid\",\"url\":\"https:\/\/www.mtmthetalentagency.com\/\",\"logo\":{\"@type\":\"ImageObject\",\"inLanguage\":\"en-GB\",\"@id\":\"https:\/\/www.mtmthetalentagency.com\/#\/schema\/logo\/image\/\",\"url\":\"https:\/\/www.mtmthetalentagency.com\/wp-content\/uploads\/2025\/01\/cropped-mtmthetalentagency.jpg\",\"contentUrl\":\"https:\/\/www.mtmthetalentagency.com\/wp-content\/uploads\/2025\/01\/cropped-mtmthetalentagency.jpg\",\"width\":512,\"height\":512,\"caption\":\"empresa de organizacion de eventos madrid\"},\"image\":{\"@id\":\"https:\/\/www.mtmthetalentagency.com\/#\/schema\/logo\/image\/\"}}]}<\/script>\n<!-- \/ Yoast SEO plugin. -->","yoast_head_json":{"title":"Pol\u00edtica de Privacidad - empresa de organizacion de eventos madrid","robots":{"index":"noindex","follow":"follow"},"og_locale":"en_GB","og_type":"article","og_title":"Pol\u00edtica de Privacidad - empresa de organizacion de eventos madrid","og_description":"Pol\u00edtica de privacidad 1. Responsable del Tratamiento Los datos personales recogidos en este sitio web son tratados por DAJOR PRODUCCIONES, S.L., con NIF B75867150, domicilio en Serrano, 19 4D &#8211; 28001 Madrid (Madrid), tel\u00e9fono +356 61408364 y correo electr\u00f3nico info@mtmthetalentagency.com. 2. Datos Recopilados Los datos personales recopilados a trav\u00e9s de los formularios de contacto incluyen: [&hellip;]","og_url":"https:\/\/www.mtmthetalentagency.com\/en\/politica-privacidad-2\/","og_site_name":"empresa de organizacion de eventos madrid","article_modified_time":"2025-02-11T11:49:04+00:00","twitter_card":"summary_large_image","twitter_misc":{"Estimated reading time":"1 minute"},"schema":{"@context":"https:\/\/schema.org","@graph":[{"@type":"WebPage","@id":"https:\/\/www.mtmthetalentagency.com\/politica-privacidad-2\/","url":"https:\/\/www.mtmthetalentagency.com\/politica-privacidad-2\/","name":"Pol\u00edtica de Privacidad - empresa de organizacion de eventos madrid","isPartOf":{"@id":"https:\/\/www.mtmthetalentagency.com\/#website"},"datePublished":"2025-02-11T11:39:04+00:00","dateModified":"2025-02-11T11:49:04+00:00","breadcrumb":{"@id":"https:\/\/www.mtmthetalentagency.com\/politica-privacidad-2\/#breadcrumb"},"inLanguage":"en-GB","potentialAction":[{"@type":"ReadAction","target":["https:\/\/www.mtmthetalentagency.com\/politica-privacidad-2\/"]}]},{"@type":"BreadcrumbList","@id":"https:\/\/www.mtmthetalentagency.com\/politica-privacidad-2\/#breadcrumb","itemListElement":[{"@type":"ListItem","position":1,"name":"Portada","item":"https:\/\/www.mtmthetalentagency.com\/"},{"@type":"ListItem","position":2,"name":"Pol\u00edtica de Privacidad"}]},{"@type":"WebSite","@id":"https:\/\/www.mtmthetalentagency.com\/#website","url":"https:\/\/www.mtmthetalentagency.com\/","name":"empresa de organizacion de eventos madrid","description":"Agencia de organizaci\u00f3n de eventos en Madrid especializada en bodas de lujo, eventos corporativos y discotecas exclusivas. Representamos a artistas de alto nivel: DJs, cantantes, bailarines y acr\u00f3batas. Creamos experiencias \u00fanicas con personalizaci\u00f3n, innovaci\u00f3n y un enfoque integral. \u00a1Conf\u00eda en los l\u00edderes en eventos exclusivos y espect\u00e1culos en Madrid!","publisher":{"@id":"https:\/\/www.mtmthetalentagency.com\/#organization"},"potentialAction":[{"@type":"SearchAction","target":{"@type":"EntryPoint","urlTemplate":"https:\/\/www.mtmthetalentagency.com\/?s={search_term_string}"},"query-input":{"@type":"PropertyValueSpecification","valueRequired":true,"valueName":"search_term_string"}}],"inLanguage":"en-GB"},{"@type":"Organization","@id":"https:\/\/www.mtmthetalentagency.com\/#organization","name":"empresa de organizacion de eventos madrid","url":"https:\/\/www.mtmthetalentagency.com\/","logo":{"@type":"ImageObject","inLanguage":"en-GB","@id":"https:\/\/www.mtmthetalentagency.com\/#\/schema\/logo\/image\/","url":"https:\/\/www.mtmthetalentagency.com\/wp-content\/uploads\/2025\/01\/cropped-mtmthetalentagency.jpg","contentUrl":"https:\/\/www.mtmthetalentagency.com\/wp-content\/uploads\/2025\/01\/cropped-mtmthetalentagency.jpg","width":512,"height":512,"caption":"empresa de organizacion de eventos madrid"},"image":{"@id":"https:\/\/www.mtmthetalentagency.com\/#\/schema\/logo\/image\/"}}]}},"_links":{"self":[{"href":"https:\/\/www.mtmthetalentagency.com\/en\/wp-json\/wp\/v2\/pages\/1076","targetHints":{"allow":["GET"]}}],"collection":[{"href":"https:\/\/www.mtmthetalentagency.com\/en\/wp-json\/wp\/v2\/pages"}],"about":[{"href":"https:\/\/www.mtmthetalentagency.com\/en\/wp-json\/wp\/v2\/types\/page"}],"author":[{"embeddable":true,"href":"https:\/\/www.mtmthetalentagency.com\/en\/wp-json\/wp\/v2\/users\/1"}],"replies":[{"embeddable":true,"href":"https:\/\/www.mtmthetalentagency.com\/en\/wp-json\/wp\/v2\/comments?post=1076"}],"version-history":[{"count":7,"href":"https:\/\/www.mtmthetalentagency.com\/en\/wp-json\/wp\/v2\/pages\/1076\/revisions"}],"predecessor-version":[{"id":1098,"href":"https:\/\/www.mtmthetalentagency.com\/en\/wp-json\/wp\/v2\/pages\/1076\/revisions\/1098"}],"wp:attachment":[{"href":"https:\/\/www.mtmthetalentagency.com\/en\/wp-json\/wp\/v2\/media?parent=1076"}],"curies":[{"name":"wp","href":"https:\/\/api.w.org\/{rel}","templated":true}]}}