{"id":1082,"date":"2025-02-11T12:41:47","date_gmt":"2025-02-11T11:41:47","guid":{"rendered":"https:\/\/www.mtmthetalentagency.com\/?page_id=1082"},"modified":"2025-02-11T12:49:53","modified_gmt":"2025-02-11T11:49:53","slug":"politica-cookies","status":"publish","type":"page","link":"https:\/\/www.mtmthetalentagency.com\/en\/politica-cookies\/","title":{"rendered":"Cookie policy to Third parties"},"content":{"rendered":"<div data-elementor-type=\"wp-page\" data-elementor-id=\"1082\" class=\"elementor elementor-1082\" data-elementor-post-type=\"page\">\n\t\t\t\t<div class=\"elementor-element elementor-element-6197371 e-flex e-con-boxed e-con e-parent\" data-id=\"6197371\" data-element_type=\"container\" data-settings=\"{&quot;background_background&quot;:&quot;classic&quot;,&quot;shape_divider_top&quot;:&quot;arrow&quot;}\">\n\t\t\t\t\t<div class=\"e-con-inner\">\n\t\t\t\t<div class=\"elementor-shape elementor-shape-top\" aria-hidden=\"true\" data-negative=\"false\">\n\t\t\t<svg xmlns=\"http:\/\/www.w3.org\/2000\/svg\" viewbox=\"0 0 700 10\" preserveaspectratio=\"none\">\n\t<path class=\"elementor-shape-fill\" d=\"M350,10L340,0h20L350,10z\"\/>\n<\/svg>\t\t<\/div>\n\t\t\t\t<div class=\"elementor-element elementor-element-26a5e4c elementor-widget elementor-widget-heading\" data-id=\"26a5e4c\" data-element_type=\"widget\" data-widget_type=\"heading.default\">\n\t\t\t\t<div class=\"elementor-widget-container\">\n\t\t\t\t\t<h2 class=\"elementor-heading-title elementor-size-default\">Pol\u00edtica De Cookies A Terceros<\/h2>\t\t\t\t<\/div>\n\t\t\t\t<\/div>\n\t\t\t\t<div class=\"elementor-element elementor-element-be2ce1f elementor-widget elementor-widget-text-editor\" data-id=\"be2ce1f\" data-element_type=\"widget\" data-widget_type=\"text-editor.default\">\n\t\t\t\t<div class=\"elementor-widget-container\">\n\t\t\t\t\t\t\t\t\tEste sitio web utiliza cookies para mejorar la experiencia de navegaci\u00f3n y ofrecer contenidos personalizados. Al continuar navegando, el usuario acepta el uso de cookies conforme a esta pol\u00edtica.\n\n1. \u00bfQu\u00e9 son las cookies?\nLas cookies son peque\u00f1os archivos de texto que se almacenan en el dispositivo del usuario al visitar un sitio web. Permiten recordar informaci\u00f3n sobre la navegaci\u00f3n y mejorar la experiencia del usuario.\n\n2. Tipos de cookies utilizadas\n\nCookies t\u00e9cnicas: Necesarias para el funcionamiento del sitio web.\n\nCookies de an\u00e1lisis: Utilizamos herramientas como Google Analytics para recopilar informaci\u00f3n sobre el uso del sitio y mejorar su funcionamiento.\n\nCookies de publicidad: Permiten gestionar la publicidad y mostrar anuncios personalizados seg\u00fan los intereses del usuario.\n\n3. Gesti\u00f3n de cookies\nEl usuario puede configurar su navegador para aceptar o rechazar cookies, as\u00ed como eliminarlas en cualquier momento. Sin embargo, la desactivaci\u00f3n de cookies puede afectar la funcionalidad del sitio web.\n\n\t\t\t\t\t\t\t\t<\/div>\n\t\t\t\t<\/div>\n\t\t\t\t\t<\/div>\n\t\t\t\t<\/div>\n\t\t\t\t<\/div>","protected":false},"excerpt":{"rendered":"<p>Pol\u00edtica De Cookies A Terceros Este sitio web utiliza cookies para mejorar la experiencia de navegaci\u00f3n y ofrecer contenidos personalizados. Al continuar navegando, el usuario acepta el uso de cookies conforme a esta pol\u00edtica. 1. \u00bfQu\u00e9 son las cookies? Las cookies son peque\u00f1os archivos de texto que se almacenan en el dispositivo del usuario al [&hellip;]<\/p>","protected":false},"author":1,"featured_media":0,"parent":0,"menu_order":0,"comment_status":"closed","ping_status":"closed","template":"elementor_theme","meta":{"_acf_changed":false,"footnotes":""},"class_list":["post-1082","page","type-page","status-publish","hentry"],"acf":[],"yoast_head":"<!-- This site is optimized with the Yoast SEO plugin v25.1 - https:\/\/yoast.com\/wordpress\/plugins\/seo\/ -->\n<title>Pol\u00edtica de Cookies a Terceros - empresa de organizacion de eventos madrid<\/title>\n<meta name=\"robots\" content=\"noindex, follow\" \/>\n<meta property=\"og:locale\" content=\"en_GB\" \/>\n<meta property=\"og:type\" content=\"article\" \/>\n<meta property=\"og:title\" content=\"Pol\u00edtica de Cookies a Terceros - empresa de organizacion de eventos madrid\" \/>\n<meta property=\"og:description\" content=\"Pol\u00edtica De Cookies A Terceros Este sitio web utiliza cookies para mejorar la experiencia de navegaci\u00f3n y ofrecer contenidos personalizados. Al continuar navegando, el usuario acepta el uso de cookies conforme a esta pol\u00edtica. 1. \u00bfQu\u00e9 son las cookies? Las cookies son peque\u00f1os archivos de texto que se almacenan en el dispositivo del usuario al [&hellip;]\" \/>\n<meta property=\"og:url\" content=\"https:\/\/www.mtmthetalentagency.com\/en\/politica-cookies\/\" \/>\n<meta property=\"og:site_name\" content=\"empresa de organizacion de eventos madrid\" \/>\n<meta property=\"article:modified_time\" content=\"2025-02-11T11:49:53+00:00\" \/>\n<meta name=\"twitter:card\" content=\"summary_large_image\" \/>\n<meta name=\"twitter:label1\" content=\"Estimated reading time\" \/>\n\t<meta name=\"twitter:data1\" content=\"1 minute\" \/>\n<script type=\"application\/ld+json\" class=\"yoast-schema-graph\">{\"@context\":\"https:\/\/schema.org\",\"@graph\":[{\"@type\":\"WebPage\",\"@id\":\"https:\/\/www.mtmthetalentagency.com\/politica-cookies\/\",\"url\":\"https:\/\/www.mtmthetalentagency.com\/politica-cookies\/\",\"name\":\"Pol\u00edtica de Cookies a Terceros - empresa de organizacion de eventos madrid\",\"isPartOf\":{\"@id\":\"https:\/\/www.mtmthetalentagency.com\/#website\"},\"datePublished\":\"2025-02-11T11:41:47+00:00\",\"dateModified\":\"2025-02-11T11:49:53+00:00\",\"breadcrumb\":{\"@id\":\"https:\/\/www.mtmthetalentagency.com\/politica-cookies\/#breadcrumb\"},\"inLanguage\":\"en-GB\",\"potentialAction\":[{\"@type\":\"ReadAction\",\"target\":[\"https:\/\/www.mtmthetalentagency.com\/politica-cookies\/\"]}]},{\"@type\":\"BreadcrumbList\",\"@id\":\"https:\/\/www.mtmthetalentagency.com\/politica-cookies\/#breadcrumb\",\"itemListElement\":[{\"@type\":\"ListItem\",\"position\":1,\"name\":\"Portada\",\"item\":\"https:\/\/www.mtmthetalentagency.com\/\"},{\"@type\":\"ListItem\",\"position\":2,\"name\":\"Pol\u00edtica de Cookies a Terceros\"}]},{\"@type\":\"WebSite\",\"@id\":\"https:\/\/www.mtmthetalentagency.com\/#website\",\"url\":\"https:\/\/www.mtmthetalentagency.com\/\",\"name\":\"empresa de organizacion de eventos madrid\",\"description\":\"Agencia de organizaci\u00f3n de eventos en Madrid especializada en bodas de lujo, eventos corporativos y discotecas exclusivas. Representamos a artistas de alto nivel: DJs, cantantes, bailarines y acr\u00f3batas. Creamos experiencias \u00fanicas con personalizaci\u00f3n, innovaci\u00f3n y un enfoque integral. \u00a1Conf\u00eda en los l\u00edderes en eventos exclusivos y espect\u00e1culos en Madrid!\",\"publisher\":{\"@id\":\"https:\/\/www.mtmthetalentagency.com\/#organization\"},\"potentialAction\":[{\"@type\":\"SearchAction\",\"target\":{\"@type\":\"EntryPoint\",\"urlTemplate\":\"https:\/\/www.mtmthetalentagency.com\/?s={search_term_string}\"},\"query-input\":{\"@type\":\"PropertyValueSpecification\",\"valueRequired\":true,\"valueName\":\"search_term_string\"}}],\"inLanguage\":\"en-GB\"},{\"@type\":\"Organization\",\"@id\":\"https:\/\/www.mtmthetalentagency.com\/#organization\",\"name\":\"empresa de organizacion de eventos madrid\",\"url\":\"https:\/\/www.mtmthetalentagency.com\/\",\"logo\":{\"@type\":\"ImageObject\",\"inLanguage\":\"en-GB\",\"@id\":\"https:\/\/www.mtmthetalentagency.com\/#\/schema\/logo\/image\/\",\"url\":\"https:\/\/www.mtmthetalentagency.com\/wp-content\/uploads\/2025\/01\/cropped-mtmthetalentagency.jpg\",\"contentUrl\":\"https:\/\/www.mtmthetalentagency.com\/wp-content\/uploads\/2025\/01\/cropped-mtmthetalentagency.jpg\",\"width\":512,\"height\":512,\"caption\":\"empresa de organizacion de eventos madrid\"},\"image\":{\"@id\":\"https:\/\/www.mtmthetalentagency.com\/#\/schema\/logo\/image\/\"}}]}<\/script>\n<!-- \/ Yoast SEO plugin. -->","yoast_head_json":{"title":"Pol\u00edtica de Cookies a Terceros - empresa de organizacion de eventos madrid","robots":{"index":"noindex","follow":"follow"},"og_locale":"en_GB","og_type":"article","og_title":"Pol\u00edtica de Cookies a Terceros - empresa de organizacion de eventos madrid","og_description":"Pol\u00edtica De Cookies A Terceros Este sitio web utiliza cookies para mejorar la experiencia de navegaci\u00f3n y ofrecer contenidos personalizados. Al continuar navegando, el usuario acepta el uso de cookies conforme a esta pol\u00edtica. 1. \u00bfQu\u00e9 son las cookies? Las cookies son peque\u00f1os archivos de texto que se almacenan en el dispositivo del usuario al [&hellip;]","og_url":"https:\/\/www.mtmthetalentagency.com\/en\/politica-cookies\/","og_site_name":"empresa de organizacion de eventos madrid","article_modified_time":"2025-02-11T11:49:53+00:00","twitter_card":"summary_large_image","twitter_misc":{"Estimated reading time":"1 minute"},"schema":{"@context":"https:\/\/schema.org","@graph":[{"@type":"WebPage","@id":"https:\/\/www.mtmthetalentagency.com\/politica-cookies\/","url":"https:\/\/www.mtmthetalentagency.com\/politica-cookies\/","name":"Pol\u00edtica de Cookies a Terceros - empresa de organizacion de eventos madrid","isPartOf":{"@id":"https:\/\/www.mtmthetalentagency.com\/#website"},"datePublished":"2025-02-11T11:41:47+00:00","dateModified":"2025-02-11T11:49:53+00:00","breadcrumb":{"@id":"https:\/\/www.mtmthetalentagency.com\/politica-cookies\/#breadcrumb"},"inLanguage":"en-GB","potentialAction":[{"@type":"ReadAction","target":["https:\/\/www.mtmthetalentagency.com\/politica-cookies\/"]}]},{"@type":"BreadcrumbList","@id":"https:\/\/www.mtmthetalentagency.com\/politica-cookies\/#breadcrumb","itemListElement":[{"@type":"ListItem","position":1,"name":"Portada","item":"https:\/\/www.mtmthetalentagency.com\/"},{"@type":"ListItem","position":2,"name":"Pol\u00edtica de Cookies a Terceros"}]},{"@type":"WebSite","@id":"https:\/\/www.mtmthetalentagency.com\/#website","url":"https:\/\/www.mtmthetalentagency.com\/","name":"empresa de organizacion de eventos madrid","description":"Agencia de organizaci\u00f3n de eventos en Madrid especializada en bodas de lujo, eventos corporativos y discotecas exclusivas. Representamos a artistas de alto nivel: DJs, cantantes, bailarines y acr\u00f3batas. Creamos experiencias \u00fanicas con personalizaci\u00f3n, innovaci\u00f3n y un enfoque integral. \u00a1Conf\u00eda en los l\u00edderes en eventos exclusivos y espect\u00e1culos en Madrid!","publisher":{"@id":"https:\/\/www.mtmthetalentagency.com\/#organization"},"potentialAction":[{"@type":"SearchAction","target":{"@type":"EntryPoint","urlTemplate":"https:\/\/www.mtmthetalentagency.com\/?s={search_term_string}"},"query-input":{"@type":"PropertyValueSpecification","valueRequired":true,"valueName":"search_term_string"}}],"inLanguage":"en-GB"},{"@type":"Organization","@id":"https:\/\/www.mtmthetalentagency.com\/#organization","name":"empresa de organizacion de eventos madrid","url":"https:\/\/www.mtmthetalentagency.com\/","logo":{"@type":"ImageObject","inLanguage":"en-GB","@id":"https:\/\/www.mtmthetalentagency.com\/#\/schema\/logo\/image\/","url":"https:\/\/www.mtmthetalentagency.com\/wp-content\/uploads\/2025\/01\/cropped-mtmthetalentagency.jpg","contentUrl":"https:\/\/www.mtmthetalentagency.com\/wp-content\/uploads\/2025\/01\/cropped-mtmthetalentagency.jpg","width":512,"height":512,"caption":"empresa de organizacion de eventos madrid"},"image":{"@id":"https:\/\/www.mtmthetalentagency.com\/#\/schema\/logo\/image\/"}}]}},"_links":{"self":[{"href":"https:\/\/www.mtmthetalentagency.com\/en\/wp-json\/wp\/v2\/pages\/1082","targetHints":{"allow":["GET"]}}],"collection":[{"href":"https:\/\/www.mtmthetalentagency.com\/en\/wp-json\/wp\/v2\/pages"}],"about":[{"href":"https:\/\/www.mtmthetalentagency.com\/en\/wp-json\/wp\/v2\/types\/page"}],"author":[{"embeddable":true,"href":"https:\/\/www.mtmthetalentagency.com\/en\/wp-json\/wp\/v2\/users\/1"}],"replies":[{"embeddable":true,"href":"https:\/\/www.mtmthetalentagency.com\/en\/wp-json\/wp\/v2\/comments?post=1082"}],"version-history":[{"count":7,"href":"https:\/\/www.mtmthetalentagency.com\/en\/wp-json\/wp\/v2\/pages\/1082\/revisions"}],"predecessor-version":[{"id":1102,"href":"https:\/\/www.mtmthetalentagency.com\/en\/wp-json\/wp\/v2\/pages\/1082\/revisions\/1102"}],"wp:attachment":[{"href":"https:\/\/www.mtmthetalentagency.com\/en\/wp-json\/wp\/v2\/media?parent=1082"}],"curies":[{"name":"wp","href":"https:\/\/api.w.org\/{rel}","templated":true}]}}