{"id":582,"date":"2025-02-03T23:50:42","date_gmt":"2025-02-03T22:50:42","guid":{"rendered":"https:\/\/www.mtmthetalentagency.com\/?page_id=582"},"modified":"2025-02-12T10:04:58","modified_gmt":"2025-02-12T09:04:58","slug":"quienes-somos","status":"publish","type":"page","link":"https:\/\/www.mtmthetalentagency.com\/en\/quienes-somos\/","title":{"rendered":"About Us"},"content":{"rendered":"<div data-elementor-type=\"wp-page\" data-elementor-id=\"582\" class=\"elementor elementor-582\" data-elementor-post-type=\"page\">\n\t\t\t\t<div class=\"elementor-element elementor-element-6266c71 e-flex e-con-boxed e-con e-parent\" data-id=\"6266c71\" data-element_type=\"container\" data-settings=\"{&quot;background_background&quot;:&quot;classic&quot;,&quot;shape_divider_top&quot;:&quot;arrow&quot;}\">\n\t\t\t\t\t<div class=\"e-con-inner\">\n\t\t\t\t<div class=\"elementor-shape elementor-shape-top\" aria-hidden=\"true\" data-negative=\"false\">\n\t\t\t<svg xmlns=\"http:\/\/www.w3.org\/2000\/svg\" viewbox=\"0 0 700 10\" preserveaspectratio=\"none\">\n\t<path class=\"elementor-shape-fill\" d=\"M350,10L340,0h20L350,10z\"\/>\n<\/svg>\t\t<\/div>\n\t\t\t\t<div class=\"elementor-element elementor-element-e91089c elementor-invisible elementor-widget elementor-widget-heading\" data-id=\"e91089c\" data-element_type=\"widget\" data-settings=\"{&quot;_animation&quot;:&quot;slideInDown&quot;}\" data-widget_type=\"heading.default\">\n\t\t\t\t<div class=\"elementor-widget-container\">\n\t\t\t\t\t<h2 class=\"elementor-heading-title elementor-size-default\">About Us<\/h2>\t\t\t\t<\/div>\n\t\t\t\t<\/div>\n\t\t\t\t<div class=\"elementor-element elementor-element-c28e0e9 elementor-invisible elementor-widget elementor-widget-text-editor\" data-id=\"c28e0e9\" data-element_type=\"widget\" data-settings=\"{&quot;_animation&quot;:&quot;slideInUp&quot;}\" data-widget_type=\"text-editor.default\">\n\t\t\t\t<div class=\"elementor-widget-container\">\n\t\t\t\t\t\t\t\t\t<p data-pm-slice=\"1 1 []\">We are MTM, a representation and production agency born from the passion and experience of three friends and partners: David, Jorge, and Jordi. We come from different worlds\u2014music, management, event production, wellness, and entertainment\u2014but share the same vision: to offer a comprehensive and personalized booking service for artists and clients seeking exclusive experiences.<\/p>\t\t\t\t\t\t\t\t<\/div>\n\t\t\t\t<\/div>\n\t\t\t\t\t<\/div>\n\t\t\t\t<\/div>\n\t\t<div class=\"elementor-element elementor-element-dca77cc e-flex e-con-boxed e-con e-parent\" data-id=\"dca77cc\" data-element_type=\"container\" data-settings=\"{&quot;shape_divider_top&quot;:&quot;arrow&quot;}\">\n\t\t\t\t\t<div class=\"e-con-inner\">\n\t\t\t\t<div class=\"elementor-shape elementor-shape-top\" aria-hidden=\"true\" data-negative=\"false\">\n\t\t\t<svg xmlns=\"http:\/\/www.w3.org\/2000\/svg\" viewbox=\"0 0 700 10\" preserveaspectratio=\"none\">\n\t<path class=\"elementor-shape-fill\" d=\"M350,10L340,0h20L350,10z\"\/>\n<\/svg>\t\t<\/div>\n\t\t\t\t<div class=\"elementor-element elementor-element-89e26ef elementor-invisible elementor-widget elementor-widget-heading\" data-id=\"89e26ef\" data-element_type=\"widget\" data-settings=\"{&quot;_animation&quot;:&quot;slideInLeft&quot;}\" data-widget_type=\"heading.default\">\n\t\t\t\t<div class=\"elementor-widget-container\">\n\t\t\t\t\t<h2 class=\"elementor-heading-title elementor-size-default\">Our Mission\n<\/h2>\t\t\t\t<\/div>\n\t\t\t\t<\/div>\n\t\t\t\t<div class=\"elementor-element elementor-element-bfc96c8 elementor-invisible elementor-widget elementor-widget-image\" data-id=\"bfc96c8\" data-element_type=\"widget\" data-settings=\"{&quot;_animation&quot;:&quot;slideInRight&quot;}\" data-widget_type=\"image.default\">\n\t\t\t\t<div class=\"elementor-widget-container\">\n\t\t\t\t\t\t\t\t\t\t\t\t\t\t\t<img fetchpriority=\"high\" decoding=\"async\" width=\"1284\" height=\"1569\" src=\"https:\/\/www.mtmthetalentagency.com\/wp-content\/uploads\/2025\/02\/IMG_7967.jpg\" class=\"attachment-full size-full wp-image-1207\" alt=\"mtm-eventos-exclusivos\" srcset=\"https:\/\/www.mtmthetalentagency.com\/wp-content\/uploads\/2025\/02\/IMG_7967.jpg 1284w, https:\/\/www.mtmthetalentagency.com\/wp-content\/uploads\/2025\/02\/IMG_7967-246x300.jpg 246w, https:\/\/www.mtmthetalentagency.com\/wp-content\/uploads\/2025\/02\/IMG_7967-838x1024.jpg 838w, https:\/\/www.mtmthetalentagency.com\/wp-content\/uploads\/2025\/02\/IMG_7967-768x938.jpg 768w, https:\/\/www.mtmthetalentagency.com\/wp-content\/uploads\/2025\/02\/IMG_7967-1257x1536.jpg 1257w\" sizes=\"(max-width: 1284px) 100vw, 1284px\" \/>\t\t\t\t\t\t\t\t\t\t\t\t\t\t\t<\/div>\n\t\t\t\t<\/div>\n\t\t\t\t<div class=\"elementor-element elementor-element-932dfe6 animated-slow elementor-invisible elementor-widget elementor-widget-text-editor\" data-id=\"932dfe6\" data-element_type=\"widget\" data-settings=\"{&quot;_animation&quot;:&quot;slideInLeft&quot;,&quot;_animation_mobile&quot;:&quot;slideInUp&quot;}\" data-widget_type=\"text-editor.default\">\n\t\t\t\t<div class=\"elementor-widget-container\">\n\t\t\t\t\t\t\t\t\t<p data-pm-slice=\"1 1 []\">At MTM, we don\u2019t just organize events or represent artists\u2014we create unforgettable experiences. We love to surprise, exceed expectations, and ensure that every collaboration reflects excellence and creativity.<\/p>\n<p data-pm-slice=\"1 1 []\">Our goal is for both artists and clients to enjoy a stress-free experience, knowing that every detail is in the hands of experts.<\/p>\n<h3>&nbsp;<\/h3>\t\t\t\t\t\t\t\t<\/div>\n\t\t\t\t<\/div>\n\t\t\t\t\t<\/div>\n\t\t\t\t<\/div>\n\t\t<div class=\"elementor-element elementor-element-d5fb2a6 e-flex e-con-boxed e-con e-parent\" data-id=\"d5fb2a6\" data-element_type=\"container\" data-settings=\"{&quot;background_background&quot;:&quot;classic&quot;,&quot;shape_divider_top&quot;:&quot;arrow&quot;}\">\n\t\t\t\t\t<div class=\"e-con-inner\">\n\t\t\t\t<div class=\"elementor-shape elementor-shape-top\" aria-hidden=\"true\" data-negative=\"false\">\n\t\t\t<svg xmlns=\"http:\/\/www.w3.org\/2000\/svg\" viewbox=\"0 0 700 10\" preserveaspectratio=\"none\">\n\t<path class=\"elementor-shape-fill\" d=\"M350,10L340,0h20L350,10z\"\/>\n<\/svg>\t\t<\/div>\n\t\t\t\t<div class=\"elementor-element elementor-element-c330504 elementor-invisible elementor-widget elementor-widget-heading\" data-id=\"c330504\" data-element_type=\"widget\" data-settings=\"{&quot;_animation&quot;:&quot;slideInRight&quot;}\" data-widget_type=\"heading.default\">\n\t\t\t\t<div class=\"elementor-widget-container\">\n\t\t\t\t\t<h2 class=\"elementor-heading-title elementor-size-default\">Our Promise\n<\/h2>\t\t\t\t<\/div>\n\t\t\t\t<\/div>\n\t\t\t\t<div class=\"elementor-element elementor-element-38a8be5 elementor-invisible elementor-widget elementor-widget-text-editor\" data-id=\"38a8be5\" data-element_type=\"widget\" data-settings=\"{&quot;_animation&quot;:&quot;slideInLeft&quot;}\" data-widget_type=\"text-editor.default\">\n\t\t\t\t<div class=\"elementor-widget-container\">\n\t\t\t\t\t\t\t\t\t<p>If you're an artist, we're here to elevate your career, maximize your visibility, and support you at every step of your journey. And if you're looking to bring an unforgettable event to life, our team will turn your vision into an experience that makes a difference.<\/p><p>Thank you for trusting us. At MTM, we make the impossible possible.<\/p>\t\t\t\t\t\t\t\t<\/div>\n\t\t\t\t<\/div>\n\t\t\t\t\t<\/div>\n\t\t\t\t<\/div>\n\t\t\t\t<\/div>","protected":false},"excerpt":{"rendered":"<p>Sobre Nosotros Somos MTM, una agencia de representaci\u00f3n y producci\u00f3n que nace de la pasi\u00f3n y experiencia de tres amigos y socios: David, Jorge y Jordi. Venimos de distintos mundos \u2013 m\u00fasica, management, producci\u00f3n de eventos, bienestar y entretenimiento \u2013 pero compartimos una misma visi\u00f3n: ofrecer un servicio de contrataci\u00f3n integral y personalizado para artistas [&hellip;]<\/p>","protected":false},"author":1,"featured_media":0,"parent":0,"menu_order":0,"comment_status":"closed","ping_status":"closed","template":"elementor_header_footer","meta":{"_acf_changed":false,"footnotes":""},"class_list":["post-582","page","type-page","status-publish","hentry"],"acf":[],"yoast_head":"<!-- This site is optimized with the Yoast SEO plugin v25.1 - https:\/\/yoast.com\/wordpress\/plugins\/seo\/ -->\n<title>Qui\u00e9nes Somos - empresa de organizacion de eventos madrid<\/title>\n<meta name=\"robots\" content=\"index, follow, max-snippet:-1, max-image-preview:large, max-video-preview:-1\" \/>\n<link rel=\"canonical\" href=\"https:\/\/www.mtmthetalentagency.com\/en\/quienes-somos\/\" \/>\n<meta property=\"og:locale\" content=\"en_GB\" \/>\n<meta property=\"og:type\" content=\"article\" \/>\n<meta property=\"og:title\" content=\"Qui\u00e9nes Somos - empresa de organizacion de eventos madrid\" \/>\n<meta property=\"og:description\" content=\"Sobre Nosotros Somos MTM, una agencia de representaci\u00f3n y producci\u00f3n que nace de la pasi\u00f3n y experiencia de tres amigos y socios: David, Jorge y Jordi. Venimos de distintos mundos \u2013 m\u00fasica, management, producci\u00f3n de eventos, bienestar y entretenimiento \u2013 pero compartimos una misma visi\u00f3n: ofrecer un servicio de contrataci\u00f3n integral y personalizado para artistas [&hellip;]\" \/>\n<meta property=\"og:url\" content=\"https:\/\/www.mtmthetalentagency.com\/en\/quienes-somos\/\" \/>\n<meta property=\"og:site_name\" content=\"empresa de organizacion de eventos madrid\" \/>\n<meta property=\"article:modified_time\" content=\"2025-02-12T09:04:58+00:00\" \/>\n<meta property=\"og:image\" content=\"https:\/\/www.mtmthetalentagency.com\/wp-content\/uploads\/2025\/02\/IMG_7967.jpg\" \/>\n\t<meta property=\"og:image:width\" content=\"1284\" \/>\n\t<meta property=\"og:image:height\" content=\"1569\" \/>\n\t<meta property=\"og:image:type\" content=\"image\/jpeg\" \/>\n<meta name=\"twitter:card\" content=\"summary_large_image\" \/>\n<meta name=\"twitter:label1\" content=\"Estimated reading time\" \/>\n\t<meta name=\"twitter:data1\" content=\"1 minute\" \/>\n<script type=\"application\/ld+json\" class=\"yoast-schema-graph\">{\"@context\":\"https:\/\/schema.org\",\"@graph\":[{\"@type\":\"WebPage\",\"@id\":\"https:\/\/www.mtmthetalentagency.com\/quienes-somos\/\",\"url\":\"https:\/\/www.mtmthetalentagency.com\/quienes-somos\/\",\"name\":\"Qui\u00e9nes Somos - empresa de organizacion de eventos madrid\",\"isPartOf\":{\"@id\":\"https:\/\/www.mtmthetalentagency.com\/#website\"},\"primaryImageOfPage\":{\"@id\":\"https:\/\/www.mtmthetalentagency.com\/quienes-somos\/#primaryimage\"},\"image\":{\"@id\":\"https:\/\/www.mtmthetalentagency.com\/quienes-somos\/#primaryimage\"},\"thumbnailUrl\":\"https:\/\/www.mtmthetalentagency.com\/wp-content\/uploads\/2025\/02\/IMG_7967.jpg\",\"datePublished\":\"2025-02-03T22:50:42+00:00\",\"dateModified\":\"2025-02-12T09:04:58+00:00\",\"breadcrumb\":{\"@id\":\"https:\/\/www.mtmthetalentagency.com\/quienes-somos\/#breadcrumb\"},\"inLanguage\":\"en-GB\",\"potentialAction\":[{\"@type\":\"ReadAction\",\"target\":[\"https:\/\/www.mtmthetalentagency.com\/quienes-somos\/\"]}]},{\"@type\":\"ImageObject\",\"inLanguage\":\"en-GB\",\"@id\":\"https:\/\/www.mtmthetalentagency.com\/quienes-somos\/#primaryimage\",\"url\":\"https:\/\/www.mtmthetalentagency.com\/wp-content\/uploads\/2025\/02\/IMG_7967.jpg\",\"contentUrl\":\"https:\/\/www.mtmthetalentagency.com\/wp-content\/uploads\/2025\/02\/IMG_7967.jpg\"},{\"@type\":\"BreadcrumbList\",\"@id\":\"https:\/\/www.mtmthetalentagency.com\/quienes-somos\/#breadcrumb\",\"itemListElement\":[{\"@type\":\"ListItem\",\"position\":1,\"name\":\"Portada\",\"item\":\"https:\/\/www.mtmthetalentagency.com\/\"},{\"@type\":\"ListItem\",\"position\":2,\"name\":\"Qui\u00e9nes Somos\"}]},{\"@type\":\"WebSite\",\"@id\":\"https:\/\/www.mtmthetalentagency.com\/#website\",\"url\":\"https:\/\/www.mtmthetalentagency.com\/\",\"name\":\"empresa de organizacion de eventos madrid\",\"description\":\"Agencia de organizaci\u00f3n de eventos en Madrid especializada en bodas de lujo, eventos corporativos y discotecas exclusivas. Representamos a artistas de alto nivel: DJs, cantantes, bailarines y acr\u00f3batas. Creamos experiencias \u00fanicas con personalizaci\u00f3n, innovaci\u00f3n y un enfoque integral. \u00a1Conf\u00eda en los l\u00edderes en eventos exclusivos y espect\u00e1culos en Madrid!\",\"publisher\":{\"@id\":\"https:\/\/www.mtmthetalentagency.com\/#organization\"},\"potentialAction\":[{\"@type\":\"SearchAction\",\"target\":{\"@type\":\"EntryPoint\",\"urlTemplate\":\"https:\/\/www.mtmthetalentagency.com\/?s={search_term_string}\"},\"query-input\":{\"@type\":\"PropertyValueSpecification\",\"valueRequired\":true,\"valueName\":\"search_term_string\"}}],\"inLanguage\":\"en-GB\"},{\"@type\":\"Organization\",\"@id\":\"https:\/\/www.mtmthetalentagency.com\/#organization\",\"name\":\"empresa de organizacion de eventos madrid\",\"url\":\"https:\/\/www.mtmthetalentagency.com\/\",\"logo\":{\"@type\":\"ImageObject\",\"inLanguage\":\"en-GB\",\"@id\":\"https:\/\/www.mtmthetalentagency.com\/#\/schema\/logo\/image\/\",\"url\":\"https:\/\/www.mtmthetalentagency.com\/wp-content\/uploads\/2025\/01\/cropped-mtmthetalentagency.jpg\",\"contentUrl\":\"https:\/\/www.mtmthetalentagency.com\/wp-content\/uploads\/2025\/01\/cropped-mtmthetalentagency.jpg\",\"width\":512,\"height\":512,\"caption\":\"empresa de organizacion de eventos madrid\"},\"image\":{\"@id\":\"https:\/\/www.mtmthetalentagency.com\/#\/schema\/logo\/image\/\"}}]}<\/script>\n<!-- \/ Yoast SEO plugin. -->","yoast_head_json":{"title":"Qui\u00e9nes Somos - empresa de organizacion de eventos madrid","robots":{"index":"index","follow":"follow","max-snippet":"max-snippet:-1","max-image-preview":"max-image-preview:large","max-video-preview":"max-video-preview:-1"},"canonical":"https:\/\/www.mtmthetalentagency.com\/en\/quienes-somos\/","og_locale":"en_GB","og_type":"article","og_title":"Qui\u00e9nes Somos - empresa de organizacion de eventos madrid","og_description":"Sobre Nosotros Somos MTM, una agencia de representaci\u00f3n y producci\u00f3n que nace de la pasi\u00f3n y experiencia de tres amigos y socios: David, Jorge y Jordi. Venimos de distintos mundos \u2013 m\u00fasica, management, producci\u00f3n de eventos, bienestar y entretenimiento \u2013 pero compartimos una misma visi\u00f3n: ofrecer un servicio de contrataci\u00f3n integral y personalizado para artistas [&hellip;]","og_url":"https:\/\/www.mtmthetalentagency.com\/en\/quienes-somos\/","og_site_name":"empresa de organizacion de eventos madrid","article_modified_time":"2025-02-12T09:04:58+00:00","og_image":[{"width":1284,"height":1569,"url":"https:\/\/www.mtmthetalentagency.com\/wp-content\/uploads\/2025\/02\/IMG_7967.jpg","type":"image\/jpeg"}],"twitter_card":"summary_large_image","twitter_misc":{"Estimated reading time":"1 minute"},"schema":{"@context":"https:\/\/schema.org","@graph":[{"@type":"WebPage","@id":"https:\/\/www.mtmthetalentagency.com\/quienes-somos\/","url":"https:\/\/www.mtmthetalentagency.com\/quienes-somos\/","name":"Qui\u00e9nes Somos - empresa de organizacion de eventos madrid","isPartOf":{"@id":"https:\/\/www.mtmthetalentagency.com\/#website"},"primaryImageOfPage":{"@id":"https:\/\/www.mtmthetalentagency.com\/quienes-somos\/#primaryimage"},"image":{"@id":"https:\/\/www.mtmthetalentagency.com\/quienes-somos\/#primaryimage"},"thumbnailUrl":"https:\/\/www.mtmthetalentagency.com\/wp-content\/uploads\/2025\/02\/IMG_7967.jpg","datePublished":"2025-02-03T22:50:42+00:00","dateModified":"2025-02-12T09:04:58+00:00","breadcrumb":{"@id":"https:\/\/www.mtmthetalentagency.com\/quienes-somos\/#breadcrumb"},"inLanguage":"en-GB","potentialAction":[{"@type":"ReadAction","target":["https:\/\/www.mtmthetalentagency.com\/quienes-somos\/"]}]},{"@type":"ImageObject","inLanguage":"en-GB","@id":"https:\/\/www.mtmthetalentagency.com\/quienes-somos\/#primaryimage","url":"https:\/\/www.mtmthetalentagency.com\/wp-content\/uploads\/2025\/02\/IMG_7967.jpg","contentUrl":"https:\/\/www.mtmthetalentagency.com\/wp-content\/uploads\/2025\/02\/IMG_7967.jpg"},{"@type":"BreadcrumbList","@id":"https:\/\/www.mtmthetalentagency.com\/quienes-somos\/#breadcrumb","itemListElement":[{"@type":"ListItem","position":1,"name":"Portada","item":"https:\/\/www.mtmthetalentagency.com\/"},{"@type":"ListItem","position":2,"name":"Qui\u00e9nes Somos"}]},{"@type":"WebSite","@id":"https:\/\/www.mtmthetalentagency.com\/#website","url":"https:\/\/www.mtmthetalentagency.com\/","name":"empresa de organizacion de eventos madrid","description":"Agencia de organizaci\u00f3n de eventos en Madrid especializada en bodas de lujo, eventos corporativos y discotecas exclusivas. Representamos a artistas de alto nivel: DJs, cantantes, bailarines y acr\u00f3batas. Creamos experiencias \u00fanicas con personalizaci\u00f3n, innovaci\u00f3n y un enfoque integral. \u00a1Conf\u00eda en los l\u00edderes en eventos exclusivos y espect\u00e1culos en Madrid!","publisher":{"@id":"https:\/\/www.mtmthetalentagency.com\/#organization"},"potentialAction":[{"@type":"SearchAction","target":{"@type":"EntryPoint","urlTemplate":"https:\/\/www.mtmthetalentagency.com\/?s={search_term_string}"},"query-input":{"@type":"PropertyValueSpecification","valueRequired":true,"valueName":"search_term_string"}}],"inLanguage":"en-GB"},{"@type":"Organization","@id":"https:\/\/www.mtmthetalentagency.com\/#organization","name":"empresa de organizacion de eventos madrid","url":"https:\/\/www.mtmthetalentagency.com\/","logo":{"@type":"ImageObject","inLanguage":"en-GB","@id":"https:\/\/www.mtmthetalentagency.com\/#\/schema\/logo\/image\/","url":"https:\/\/www.mtmthetalentagency.com\/wp-content\/uploads\/2025\/01\/cropped-mtmthetalentagency.jpg","contentUrl":"https:\/\/www.mtmthetalentagency.com\/wp-content\/uploads\/2025\/01\/cropped-mtmthetalentagency.jpg","width":512,"height":512,"caption":"empresa de organizacion de eventos madrid"},"image":{"@id":"https:\/\/www.mtmthetalentagency.com\/#\/schema\/logo\/image\/"}}]}},"_links":{"self":[{"href":"https:\/\/www.mtmthetalentagency.com\/en\/wp-json\/wp\/v2\/pages\/582","targetHints":{"allow":["GET"]}}],"collection":[{"href":"https:\/\/www.mtmthetalentagency.com\/en\/wp-json\/wp\/v2\/pages"}],"about":[{"href":"https:\/\/www.mtmthetalentagency.com\/en\/wp-json\/wp\/v2\/types\/page"}],"author":[{"embeddable":true,"href":"https:\/\/www.mtmthetalentagency.com\/en\/wp-json\/wp\/v2\/users\/1"}],"replies":[{"embeddable":true,"href":"https:\/\/www.mtmthetalentagency.com\/en\/wp-json\/wp\/v2\/comments?post=582"}],"version-history":[{"count":19,"href":"https:\/\/www.mtmthetalentagency.com\/en\/wp-json\/wp\/v2\/pages\/582\/revisions"}],"predecessor-version":[{"id":1278,"href":"https:\/\/www.mtmthetalentagency.com\/en\/wp-json\/wp\/v2\/pages\/582\/revisions\/1278"}],"wp:attachment":[{"href":"https:\/\/www.mtmthetalentagency.com\/en\/wp-json\/wp\/v2\/media?parent=582"}],"curies":[{"name":"wp","href":"https:\/\/api.w.org\/{rel}","templated":true}]}}