{"id":585,"date":"2025-02-03T23:51:15","date_gmt":"2025-02-03T22:51:15","guid":{"rendered":"https:\/\/www.mtmthetalentagency.com\/?page_id=585"},"modified":"2025-03-03T18:31:42","modified_gmt":"2025-03-03T17:31:42","slug":"contacto","status":"publish","type":"page","link":"https:\/\/www.mtmthetalentagency.com\/en\/contacto\/","title":{"rendered":"Contact"},"content":{"rendered":"<div data-elementor-type=\"wp-page\" data-elementor-id=\"585\" class=\"elementor elementor-585\" data-elementor-post-type=\"page\">\n\t\t\t\t<div class=\"elementor-element elementor-element-d2751b7 e-flex e-con-boxed e-con e-parent\" data-id=\"d2751b7\" data-element_type=\"container\" data-settings=\"{&quot;background_background&quot;:&quot;classic&quot;,&quot;shape_divider_top&quot;:&quot;arrow&quot;}\">\n\t\t\t\t\t<div class=\"e-con-inner\">\n\t\t\t\t<div class=\"elementor-shape elementor-shape-top\" aria-hidden=\"true\" data-negative=\"false\">\n\t\t\t<svg xmlns=\"http:\/\/www.w3.org\/2000\/svg\" viewbox=\"0 0 700 10\" preserveaspectratio=\"none\">\n\t<path class=\"elementor-shape-fill\" d=\"M350,10L340,0h20L350,10z\"\/>\n<\/svg>\t\t<\/div>\n\t\t\t\t<div class=\"elementor-element elementor-element-fb59528 elementor-widget elementor-widget-heading\" data-id=\"fb59528\" data-element_type=\"widget\" data-widget_type=\"heading.default\">\n\t\t\t\t<div class=\"elementor-widget-container\">\n\t\t\t\t\t<h2 class=\"elementor-heading-title elementor-size-default\">contact<\/h2>\t\t\t\t<\/div>\n\t\t\t\t<\/div>\n\t\t\t\t<div class=\"elementor-element elementor-element-4b0d653 elementor-widget elementor-widget-text-editor\" data-id=\"4b0d653\" data-element_type=\"widget\" data-widget_type=\"text-editor.default\">\n\t\t\t\t<div class=\"elementor-widget-container\">\n\t\t\t\t\t\t\t\t\t<p>Do you have an event in mind and need the best talents? At MTM, we\u2019re here to help you create unforgettable experiences. Tell us what you need, and our team will get in touch with you as soon as possible.<\/p>\t\t\t\t\t\t\t\t<\/div>\n\t\t\t\t<\/div>\n\t\t\t\t\t<\/div>\n\t\t\t\t<\/div>\n\t\t<div class=\"elementor-element elementor-element-7bc5485 e-flex e-con-boxed e-con e-parent\" data-id=\"7bc5485\" data-element_type=\"container\" data-settings=\"{&quot;shape_divider_top&quot;:&quot;arrow&quot;}\">\n\t\t\t\t\t<div class=\"e-con-inner\">\n\t\t\t\t<div class=\"elementor-shape elementor-shape-top\" aria-hidden=\"true\" data-negative=\"false\">\n\t\t\t<svg xmlns=\"http:\/\/www.w3.org\/2000\/svg\" viewbox=\"0 0 700 10\" preserveaspectratio=\"none\">\n\t<path class=\"elementor-shape-fill\" d=\"M350,10L340,0h20L350,10z\"\/>\n<\/svg>\t\t<\/div>\n\t\t<div class=\"elementor-element elementor-element-77d4a90 e-con-full e-flex e-con e-child\" data-id=\"77d4a90\" data-element_type=\"container\">\n\t\t\t\t<div class=\"elementor-element elementor-element-ee0f921 elementor-button-align-stretch elementor-widget elementor-widget-form\" data-id=\"ee0f921\" data-element_type=\"widget\" data-settings=\"{&quot;step_next_label&quot;:&quot;Siguiente&quot;,&quot;step_previous_label&quot;:&quot;Anterior&quot;,&quot;button_width&quot;:&quot;100&quot;,&quot;step_type&quot;:&quot;number_text&quot;,&quot;step_icon_shape&quot;:&quot;circle&quot;}\" data-widget_type=\"form.default\">\n\t\t\t\t<div class=\"elementor-widget-container\">\n\t\t\t\t\t\t\t<form class=\"elementor-form\" method=\"post\" name=\"Nuevo formulario\" action=\"\">\n\t\t\t<input type=\"hidden\" name=\"post_id\" value=\"585\"\/>\n\t\t\t<input type=\"hidden\" name=\"form_id\" value=\"ee0f921\"\/>\n\t\t\t<input type=\"hidden\" name=\"referer_title\" value=\"Contacto - empresa de organizacion de eventos madrid\" \/>\n\n\t\t\t\t\t\t\t<input type=\"hidden\" name=\"queried_id\" value=\"585\"\/>\n\t\t\t\n\t\t\t<div class=\"elementor-form-fields-wrapper elementor-labels-above\">\n\t\t\t\t\t\t\t\t<div class=\"elementor-field-type-text elementor-field-group elementor-column elementor-field-group-name elementor-col-100\">\n\t\t\t\t\t\t\t\t\t\t\t\t\t<input size=\"1\" type=\"text\" name=\"form_fields[name]\" id=\"form-field-name\" class=\"elementor-field elementor-size-sm  elementor-field-textual\" placeholder=\"Name\">\n\t\t\t\t\t\t\t\t\t\t\t<\/div>\n\t\t\t\t\t\t\t\t<div class=\"elementor-field-type-email elementor-field-group elementor-column elementor-field-group-email elementor-col-100 elementor-field-required\">\n\t\t\t\t\t\t\t\t\t\t\t\t\t<input size=\"1\" type=\"email\" name=\"form_fields[email]\" id=\"form-field-email\" class=\"elementor-field elementor-size-sm  elementor-field-textual\" placeholder=\"E-mail\" required=\"required\">\n\t\t\t\t\t\t\t\t\t\t\t<\/div>\n\t\t\t\t\t\t\t\t<div class=\"elementor-field-type-textarea elementor-field-group elementor-column elementor-field-group-message elementor-col-100\">\n\t\t\t\t\t<textarea class=\"elementor-field-textual elementor-field  elementor-size-sm\" name=\"form_fields[message]\" id=\"form-field-message\" rows=\"4\" placeholder=\"Message\"><\/textarea>\t\t\t\t<\/div>\n\t\t\t\t\t\t\t\t<div class=\"elementor-field-type-acceptance elementor-field-group elementor-column elementor-field-group-field_5905a38 elementor-col-100\">\n\t\t\t\t\t\t\t<div class=\"elementor-field-subgroup\">\n\t\t\t<span class=\"elementor-field-option\">\n\t\t\t\t<input type=\"checkbox\" name=\"form_fields[field_5905a38]\" id=\"form-field-field_5905a38\" class=\"elementor-field elementor-size-sm  elementor-acceptance-field\">\n\t\t\t\t<label for=\"form-field-field_5905a38\">I have read and accept the <a rel=\"nofollow\" href=\"https:\/\/www.mtmthetalentagency.com\/en\/politica-privacidad\/\">Privacy policy.<\/a> <\/label>\t\t\t<\/span>\n\t\t<\/div>\n\t\t\t\t\t\t<\/div>\n\t\t\t\t\t\t\t\t<div class=\"elementor-field-type-html elementor-field-group elementor-column elementor-field-group-field_2d834bb elementor-col-100\">\n\t\t\t\t\t<p class=\"prueba\">\n<ul>\n<li><span><strong>Responsible:<\/strong> David Novoa<\/span><\/li>\n<li><span><strong>The purpose of the collection and processing of personal data:<\/strong> manage the request you make in this form, and if, finally, you&#039;re a customer, reference information on the state of the contracted service, and communications about the company.<\/span><\/li>\n<li><span><strong>Legitimation:<\/strong> consent of the interested party.<\/span><\/li>\n<li><span><strong>Recipient:<\/strong> your data will be stored in Raiola, my email provider and hosting, and it also complies with the RGPD.<\/span><\/li>\n<li><span><strong>Rights:<\/strong> You can, exercise your rights of access, rectification, limitation and delete the data in info@mtmthetalentagency.com as well as the right to lodge a complaint with a supervisory authority.<\/span><\/li>\n<li><span><strong>Additional information:<\/strong> At <a href=\"https:\/\/www.mtmthetalentagency.com\/en\/politica-privacidad\/\" target=\"_blank\" rel=\"nofollow noopener noreferrer\"><strong>our privacy policy<\/strong><\/a>you&#039;ll find additional information on the collection and use of your personal information, including information on access, conservation, rectification, deletion, security, and other topics.<\/span><\/li>\n<\/ul>\n<\/p>\n\t\t\t\t<\/div>\n\t\t\t\t\t\t\t\t<div class=\"elementor-field-type-recaptcha_v3 elementor-field-group elementor-column elementor-field-group-field_8aa51a7 elementor-col-100 recaptcha_v3-bottomright\">\n\t\t\t\t\t<div class=\"elementor-field\" id=\"form-field-field_8aa51a7\"><div class=\"elementor-g-recaptcha\" data-sitekey=\"6LeubswqAAAAAA1gNnoaqplEC4Kr8P678jxq0QDH\" data-type=\"v3\" data-action=\"Form\" data-badge=\"bottomright\" data-size=\"invisible\"><\/div><\/div>\t\t\t\t<\/div>\n\t\t\t\t\t\t\t\t<div class=\"elementor-field-group elementor-column elementor-field-type-submit elementor-col-100 e-form__buttons\">\n\t\t\t\t\t<button class=\"elementor-button elementor-size-sm\" type=\"submit\">\n\t\t\t\t\t\t<span class=\"elementor-button-content-wrapper\">\n\t\t\t\t\t\t\t\t\t\t\t\t\t\t\t\t\t\t\t\t\t\t<span class=\"elementor-button-text\">Send<\/span>\n\t\t\t\t\t\t\t\t\t\t\t\t\t<\/span>\n\t\t\t\t\t<\/button>\n\t\t\t\t<\/div>\n\t\t\t<\/div>\n\t\t<input type=\"hidden\" name=\"trp-form-language\" value=\"en\"\/><\/form>\n\t\t\t\t\t\t<\/div>\n\t\t\t\t<\/div>\n\t\t\t\t<div class=\"elementor-element elementor-element-88a041e elementor-widget elementor-widget-text-editor\" data-id=\"88a041e\" data-element_type=\"widget\" data-widget_type=\"text-editor.default\">\n\t\t\t\t<div class=\"elementor-widget-container\">\n\t\t\t\t\t\t\t\t\t<p>Tell us how we can help you. \ud83d\ude42<\/p>\t\t\t\t\t\t\t\t<\/div>\n\t\t\t\t<\/div>\n\t\t\t\t<\/div>\n\t\t\t\t\t<\/div>\n\t\t\t\t<\/div>\n\t\t<div class=\"elementor-element elementor-element-32d8c33 e-flex e-con-boxed e-con e-parent\" data-id=\"32d8c33\" data-element_type=\"container\" data-settings=\"{&quot;background_background&quot;:&quot;classic&quot;,&quot;shape_divider_top&quot;:&quot;arrow&quot;}\">\n\t\t\t\t\t<div class=\"e-con-inner\">\n\t\t\t\t<div class=\"elementor-shape elementor-shape-top\" aria-hidden=\"true\" data-negative=\"false\">\n\t\t\t<svg xmlns=\"http:\/\/www.w3.org\/2000\/svg\" viewbox=\"0 0 700 10\" preserveaspectratio=\"none\">\n\t<path class=\"elementor-shape-fill\" d=\"M350,10L340,0h20L350,10z\"\/>\n<\/svg>\t\t<\/div>\n\t\t<div class=\"elementor-element elementor-element-754e62c e-grid e-con-full e-con e-child\" data-id=\"754e62c\" data-element_type=\"container\">\n\t\t\t\t<div class=\"elementor-element elementor-element-4a03d41 elementor-widget elementor-widget-heading\" data-id=\"4a03d41\" data-element_type=\"widget\" data-widget_type=\"heading.default\">\n\t\t\t\t<div class=\"elementor-widget-container\">\n\t\t\t\t\t<h2 class=\"elementor-heading-title elementor-size-default\">whatsapp<\/h2>\t\t\t\t<\/div>\n\t\t\t\t<\/div>\n\t\t\t\t<div class=\"elementor-element elementor-element-1c9dc91 elementor-widget elementor-widget-image\" data-id=\"1c9dc91\" data-element_type=\"widget\" data-widget_type=\"image.default\">\n\t\t\t\t<div class=\"elementor-widget-container\">\n\t\t\t\t\t\t\t\t\t\t\t\t\t\t\t\t<a href=\"https:\/\/wa.me\/34661408364\">\n\t\t\t\t\t\t\t<img fetchpriority=\"high\" decoding=\"async\" width=\"660\" height=\"705\" src=\"https:\/\/www.mtmthetalentagency.com\/wp-content\/uploads\/2025\/02\/pngwing.com_.png\" class=\"attachment-large size-large wp-image-598\" alt=\"\" srcset=\"https:\/\/www.mtmthetalentagency.com\/wp-content\/uploads\/2025\/02\/pngwing.com_.png 660w, https:\/\/www.mtmthetalentagency.com\/wp-content\/uploads\/2025\/02\/pngwing.com_-281x300.png 281w\" sizes=\"(max-width: 660px) 100vw, 660px\" \/>\t\t\t\t\t\t\t\t<\/a>\n\t\t\t\t\t\t\t\t\t\t\t\t\t\t\t<\/div>\n\t\t\t\t<\/div>\n\t\t\t\t<div class=\"elementor-element elementor-element-79aa1db elementor-widget elementor-widget-heading\" data-id=\"79aa1db\" data-element_type=\"widget\" data-widget_type=\"heading.default\">\n\t\t\t\t<div class=\"elementor-widget-container\">\n\t\t\t\t\t<h2 class=\"elementor-heading-title elementor-size-default\">phone<\/h2>\t\t\t\t<\/div>\n\t\t\t\t<\/div>\n\t\t\t\t<div class=\"elementor-element elementor-element-f301518 elementor-widget elementor-widget-heading\" data-id=\"f301518\" data-element_type=\"widget\" data-widget_type=\"heading.default\">\n\t\t\t\t<div class=\"elementor-widget-container\">\n\t\t\t\t\t<h2 class=\"elementor-heading-title elementor-size-default\"><a href=\"tel:+34661408364\">+34 661 408 364<\/a><\/h2>\t\t\t\t<\/div>\n\t\t\t\t<\/div>\n\t\t\t\t<div class=\"elementor-element elementor-element-83bb4fe elementor-widget elementor-widget-heading\" data-id=\"83bb4fe\" data-element_type=\"widget\" data-widget_type=\"heading.default\">\n\t\t\t\t<div class=\"elementor-widget-container\">\n\t\t\t\t\t<h2 class=\"elementor-heading-title elementor-size-default\">mail<\/h2>\t\t\t\t<\/div>\n\t\t\t\t<\/div>\n\t\t\t\t<div class=\"elementor-element elementor-element-adb2425 elementor-widget elementor-widget-heading\" data-id=\"adb2425\" data-element_type=\"widget\" data-widget_type=\"heading.default\">\n\t\t\t\t<div class=\"elementor-widget-container\">\n\t\t\t\t\t<h2 class=\"elementor-heading-title elementor-size-default\"><a href=\"mailto:info@mtmthetalentagency.com\">info@mtmthetalentagency.com<\/a><\/h2>\t\t\t\t<\/div>\n\t\t\t\t<\/div>\n\t\t\t\t<\/div>\n\t\t\t\t\t<\/div>\n\t\t\t\t<\/div>\n\t\t<div class=\"elementor-element elementor-element-1c22a22 e-flex e-con-boxed e-con e-parent\" data-id=\"1c22a22\" data-element_type=\"container\" data-settings=\"{&quot;background_background&quot;:&quot;classic&quot;,&quot;shape_divider_top&quot;:&quot;arrow&quot;}\">\n\t\t\t\t\t<div class=\"e-con-inner\">\n\t\t\t\t<div class=\"elementor-shape elementor-shape-top\" aria-hidden=\"true\" data-negative=\"false\">\n\t\t\t<svg xmlns=\"http:\/\/www.w3.org\/2000\/svg\" viewbox=\"0 0 700 10\" preserveaspectratio=\"none\">\n\t<path class=\"elementor-shape-fill\" d=\"M350,10L340,0h20L350,10z\"\/>\n<\/svg>\t\t<\/div>\n\t\t\t\t<div class=\"elementor-element elementor-element-3a7702f elementor-widget elementor-widget-heading\" data-id=\"3a7702f\" data-element_type=\"widget\" data-widget_type=\"heading.default\">\n\t\t\t\t<div class=\"elementor-widget-container\">\n\t\t\t\t\t<h2 class=\"elementor-heading-title elementor-size-default\">Are you an artist with exceptional talent?<\/h2>\t\t\t\t<\/div>\n\t\t\t\t<\/div>\n\t\t\t\t<div class=\"elementor-element elementor-element-e049518 elementor-widget elementor-widget-text-editor\" data-id=\"e049518\" data-element_type=\"widget\" data-widget_type=\"text-editor.default\">\n\t\t\t\t<div class=\"elementor-widget-container\">\n\t\t\t\t\t\t\t\t\t<p>At <strong data-start=\"57\" data-end=\"64\">MTM<\/strong>, we are looking for DJs, singers, dancers, acrobats, and performers who want to shine on the most exclusive stages. If you have passion, talent, and are seeking unique opportunities, we want to meet you!<\/p>\t\t\t\t\t\t\t\t<\/div>\n\t\t\t\t<\/div>\n\t\t\t\t<div class=\"elementor-element elementor-element-14da2f9 elementor-align-center elementor-widget elementor-widget-button\" data-id=\"14da2f9\" data-element_type=\"widget\" data-widget_type=\"button.default\">\n\t\t\t\t<div class=\"elementor-widget-container\">\n\t\t\t\t\t\t\t\t\t<div class=\"elementor-button-wrapper\">\n\t\t\t\t\t<a class=\"elementor-button elementor-button-link elementor-size-sm\" href=\"https:\/\/www.mtmthetalentagency.com\/en\/representacion-de-artistas\/#form\">\n\t\t\t\t\t\t<span class=\"elementor-button-content-wrapper\">\n\t\t\t\t\t\t\t\t\t<span class=\"elementor-button-text\">I want to be part of MTM!<\/span>\n\t\t\t\t\t<\/span>\n\t\t\t\t\t<\/a>\n\t\t\t\t<\/div>\n\t\t\t\t\t\t\t\t<\/div>\n\t\t\t\t<\/div>\n\t\t\t\t\t<\/div>\n\t\t\t\t<\/div>\n\t\t\t\t<\/div>","protected":false},"excerpt":{"rendered":"<p>contacto \u00bfTienes un evento en mente y necesitas los mejores talentos? En MTM, estamos aqu\u00ed para ayudarte a crear experiencias inolvidables. Cu\u00e9ntanos lo que necesitas y nuestro equipo se pondr\u00e1 en contacto contigo lo antes posible. Cu\u00e9ntanos en qu\u00e9 podemos ayudarte. \ud83d\ude42 whatsapp tel\u00e9fono +34 661 408 364 mail info@mtmthetalentagency.com \u00bfEres un artista con talento [&hellip;]<\/p>","protected":false},"author":1,"featured_media":0,"parent":0,"menu_order":0,"comment_status":"closed","ping_status":"closed","template":"elementor_header_footer","meta":{"_acf_changed":false,"footnotes":""},"class_list":["post-585","page","type-page","status-publish","hentry"],"acf":[],"yoast_head":"<!-- This site is optimized with the Yoast SEO plugin v25.1 - https:\/\/yoast.com\/wordpress\/plugins\/seo\/ -->\n<title>Contacto - empresa de organizacion de eventos madrid<\/title>\n<meta name=\"robots\" content=\"index, follow, max-snippet:-1, max-image-preview:large, max-video-preview:-1\" \/>\n<link rel=\"canonical\" href=\"https:\/\/www.mtmthetalentagency.com\/en\/contacto\/\" \/>\n<meta property=\"og:locale\" content=\"en_GB\" \/>\n<meta property=\"og:type\" content=\"article\" \/>\n<meta property=\"og:title\" content=\"Contacto - empresa de organizacion de eventos madrid\" \/>\n<meta property=\"og:description\" content=\"contacto \u00bfTienes un evento en mente y necesitas los mejores talentos? En MTM, estamos aqu\u00ed para ayudarte a crear experiencias inolvidables. Cu\u00e9ntanos lo que necesitas y nuestro equipo se pondr\u00e1 en contacto contigo lo antes posible. Cu\u00e9ntanos en qu\u00e9 podemos ayudarte. \ud83d\ude42 whatsapp tel\u00e9fono +34 661 408 364 mail info@mtmthetalentagency.com \u00bfEres un artista con talento [&hellip;]\" \/>\n<meta property=\"og:url\" content=\"https:\/\/www.mtmthetalentagency.com\/en\/contacto\/\" \/>\n<meta property=\"og:site_name\" content=\"empresa de organizacion de eventos madrid\" \/>\n<meta property=\"article:modified_time\" content=\"2025-03-03T17:31:42+00:00\" \/>\n<meta property=\"og:image\" content=\"https:\/\/www.mtmthetalentagency.com\/wp-content\/uploads\/2025\/02\/pngwing.com_.png\" \/>\n\t<meta property=\"og:image:width\" content=\"660\" \/>\n\t<meta property=\"og:image:height\" content=\"705\" \/>\n\t<meta property=\"og:image:type\" content=\"image\/png\" \/>\n<meta name=\"twitter:card\" content=\"summary_large_image\" \/>\n<meta name=\"twitter:label1\" content=\"Estimated reading time\" \/>\n\t<meta name=\"twitter:data1\" content=\"2 minutes\" \/>\n<script type=\"application\/ld+json\" class=\"yoast-schema-graph\">{\"@context\":\"https:\/\/schema.org\",\"@graph\":[{\"@type\":\"WebPage\",\"@id\":\"https:\/\/www.mtmthetalentagency.com\/contacto\/\",\"url\":\"https:\/\/www.mtmthetalentagency.com\/contacto\/\",\"name\":\"Contacto - empresa de organizacion de eventos madrid\",\"isPartOf\":{\"@id\":\"https:\/\/www.mtmthetalentagency.com\/#website\"},\"primaryImageOfPage\":{\"@id\":\"https:\/\/www.mtmthetalentagency.com\/contacto\/#primaryimage\"},\"image\":{\"@id\":\"https:\/\/www.mtmthetalentagency.com\/contacto\/#primaryimage\"},\"thumbnailUrl\":\"https:\/\/www.mtmthetalentagency.com\/wp-content\/uploads\/2025\/02\/pngwing.com_.png\",\"datePublished\":\"2025-02-03T22:51:15+00:00\",\"dateModified\":\"2025-03-03T17:31:42+00:00\",\"breadcrumb\":{\"@id\":\"https:\/\/www.mtmthetalentagency.com\/contacto\/#breadcrumb\"},\"inLanguage\":\"en-GB\",\"potentialAction\":[{\"@type\":\"ReadAction\",\"target\":[\"https:\/\/www.mtmthetalentagency.com\/contacto\/\"]}]},{\"@type\":\"ImageObject\",\"inLanguage\":\"en-GB\",\"@id\":\"https:\/\/www.mtmthetalentagency.com\/contacto\/#primaryimage\",\"url\":\"https:\/\/www.mtmthetalentagency.com\/wp-content\/uploads\/2025\/02\/pngwing.com_.png\",\"contentUrl\":\"https:\/\/www.mtmthetalentagency.com\/wp-content\/uploads\/2025\/02\/pngwing.com_.png\"},{\"@type\":\"BreadcrumbList\",\"@id\":\"https:\/\/www.mtmthetalentagency.com\/contacto\/#breadcrumb\",\"itemListElement\":[{\"@type\":\"ListItem\",\"position\":1,\"name\":\"Portada\",\"item\":\"https:\/\/www.mtmthetalentagency.com\/\"},{\"@type\":\"ListItem\",\"position\":2,\"name\":\"Contacto\"}]},{\"@type\":\"WebSite\",\"@id\":\"https:\/\/www.mtmthetalentagency.com\/#website\",\"url\":\"https:\/\/www.mtmthetalentagency.com\/\",\"name\":\"empresa de organizacion de eventos madrid\",\"description\":\"Agencia de organizaci\u00f3n de eventos en Madrid especializada en bodas de lujo, eventos corporativos y discotecas exclusivas. Representamos a artistas de alto nivel: DJs, cantantes, bailarines y acr\u00f3batas. Creamos experiencias \u00fanicas con personalizaci\u00f3n, innovaci\u00f3n y un enfoque integral. \u00a1Conf\u00eda en los l\u00edderes en eventos exclusivos y espect\u00e1culos en Madrid!\",\"publisher\":{\"@id\":\"https:\/\/www.mtmthetalentagency.com\/#organization\"},\"potentialAction\":[{\"@type\":\"SearchAction\",\"target\":{\"@type\":\"EntryPoint\",\"urlTemplate\":\"https:\/\/www.mtmthetalentagency.com\/?s={search_term_string}\"},\"query-input\":{\"@type\":\"PropertyValueSpecification\",\"valueRequired\":true,\"valueName\":\"search_term_string\"}}],\"inLanguage\":\"en-GB\"},{\"@type\":\"Organization\",\"@id\":\"https:\/\/www.mtmthetalentagency.com\/#organization\",\"name\":\"empresa de organizacion de eventos madrid\",\"url\":\"https:\/\/www.mtmthetalentagency.com\/\",\"logo\":{\"@type\":\"ImageObject\",\"inLanguage\":\"en-GB\",\"@id\":\"https:\/\/www.mtmthetalentagency.com\/#\/schema\/logo\/image\/\",\"url\":\"https:\/\/www.mtmthetalentagency.com\/wp-content\/uploads\/2025\/01\/cropped-mtmthetalentagency.jpg\",\"contentUrl\":\"https:\/\/www.mtmthetalentagency.com\/wp-content\/uploads\/2025\/01\/cropped-mtmthetalentagency.jpg\",\"width\":512,\"height\":512,\"caption\":\"empresa de organizacion de eventos madrid\"},\"image\":{\"@id\":\"https:\/\/www.mtmthetalentagency.com\/#\/schema\/logo\/image\/\"}}]}<\/script>\n<!-- \/ Yoast SEO plugin. -->","yoast_head_json":{"title":"Contacto - empresa de organizacion de eventos madrid","robots":{"index":"index","follow":"follow","max-snippet":"max-snippet:-1","max-image-preview":"max-image-preview:large","max-video-preview":"max-video-preview:-1"},"canonical":"https:\/\/www.mtmthetalentagency.com\/en\/contacto\/","og_locale":"en_GB","og_type":"article","og_title":"Contacto - empresa de organizacion de eventos madrid","og_description":"contacto \u00bfTienes un evento en mente y necesitas los mejores talentos? En MTM, estamos aqu\u00ed para ayudarte a crear experiencias inolvidables. Cu\u00e9ntanos lo que necesitas y nuestro equipo se pondr\u00e1 en contacto contigo lo antes posible. Cu\u00e9ntanos en qu\u00e9 podemos ayudarte. \ud83d\ude42 whatsapp tel\u00e9fono +34 661 408 364 mail info@mtmthetalentagency.com \u00bfEres un artista con talento [&hellip;]","og_url":"https:\/\/www.mtmthetalentagency.com\/en\/contacto\/","og_site_name":"empresa de organizacion de eventos madrid","article_modified_time":"2025-03-03T17:31:42+00:00","og_image":[{"width":660,"height":705,"url":"https:\/\/www.mtmthetalentagency.com\/wp-content\/uploads\/2025\/02\/pngwing.com_.png","type":"image\/png"}],"twitter_card":"summary_large_image","twitter_misc":{"Estimated reading time":"2 minutes"},"schema":{"@context":"https:\/\/schema.org","@graph":[{"@type":"WebPage","@id":"https:\/\/www.mtmthetalentagency.com\/contacto\/","url":"https:\/\/www.mtmthetalentagency.com\/contacto\/","name":"Contacto - empresa de organizacion de eventos madrid","isPartOf":{"@id":"https:\/\/www.mtmthetalentagency.com\/#website"},"primaryImageOfPage":{"@id":"https:\/\/www.mtmthetalentagency.com\/contacto\/#primaryimage"},"image":{"@id":"https:\/\/www.mtmthetalentagency.com\/contacto\/#primaryimage"},"thumbnailUrl":"https:\/\/www.mtmthetalentagency.com\/wp-content\/uploads\/2025\/02\/pngwing.com_.png","datePublished":"2025-02-03T22:51:15+00:00","dateModified":"2025-03-03T17:31:42+00:00","breadcrumb":{"@id":"https:\/\/www.mtmthetalentagency.com\/contacto\/#breadcrumb"},"inLanguage":"en-GB","potentialAction":[{"@type":"ReadAction","target":["https:\/\/www.mtmthetalentagency.com\/contacto\/"]}]},{"@type":"ImageObject","inLanguage":"en-GB","@id":"https:\/\/www.mtmthetalentagency.com\/contacto\/#primaryimage","url":"https:\/\/www.mtmthetalentagency.com\/wp-content\/uploads\/2025\/02\/pngwing.com_.png","contentUrl":"https:\/\/www.mtmthetalentagency.com\/wp-content\/uploads\/2025\/02\/pngwing.com_.png"},{"@type":"BreadcrumbList","@id":"https:\/\/www.mtmthetalentagency.com\/contacto\/#breadcrumb","itemListElement":[{"@type":"ListItem","position":1,"name":"Portada","item":"https:\/\/www.mtmthetalentagency.com\/"},{"@type":"ListItem","position":2,"name":"Contacto"}]},{"@type":"WebSite","@id":"https:\/\/www.mtmthetalentagency.com\/#website","url":"https:\/\/www.mtmthetalentagency.com\/","name":"empresa de organizacion de eventos madrid","description":"Agencia de organizaci\u00f3n de eventos en Madrid especializada en bodas de lujo, eventos corporativos y discotecas exclusivas. Representamos a artistas de alto nivel: DJs, cantantes, bailarines y acr\u00f3batas. Creamos experiencias \u00fanicas con personalizaci\u00f3n, innovaci\u00f3n y un enfoque integral. \u00a1Conf\u00eda en los l\u00edderes en eventos exclusivos y espect\u00e1culos en Madrid!","publisher":{"@id":"https:\/\/www.mtmthetalentagency.com\/#organization"},"potentialAction":[{"@type":"SearchAction","target":{"@type":"EntryPoint","urlTemplate":"https:\/\/www.mtmthetalentagency.com\/?s={search_term_string}"},"query-input":{"@type":"PropertyValueSpecification","valueRequired":true,"valueName":"search_term_string"}}],"inLanguage":"en-GB"},{"@type":"Organization","@id":"https:\/\/www.mtmthetalentagency.com\/#organization","name":"empresa de organizacion de eventos madrid","url":"https:\/\/www.mtmthetalentagency.com\/","logo":{"@type":"ImageObject","inLanguage":"en-GB","@id":"https:\/\/www.mtmthetalentagency.com\/#\/schema\/logo\/image\/","url":"https:\/\/www.mtmthetalentagency.com\/wp-content\/uploads\/2025\/01\/cropped-mtmthetalentagency.jpg","contentUrl":"https:\/\/www.mtmthetalentagency.com\/wp-content\/uploads\/2025\/01\/cropped-mtmthetalentagency.jpg","width":512,"height":512,"caption":"empresa de organizacion de eventos madrid"},"image":{"@id":"https:\/\/www.mtmthetalentagency.com\/#\/schema\/logo\/image\/"}}]}},"_links":{"self":[{"href":"https:\/\/www.mtmthetalentagency.com\/en\/wp-json\/wp\/v2\/pages\/585","targetHints":{"allow":["GET"]}}],"collection":[{"href":"https:\/\/www.mtmthetalentagency.com\/en\/wp-json\/wp\/v2\/pages"}],"about":[{"href":"https:\/\/www.mtmthetalentagency.com\/en\/wp-json\/wp\/v2\/types\/page"}],"author":[{"embeddable":true,"href":"https:\/\/www.mtmthetalentagency.com\/en\/wp-json\/wp\/v2\/users\/1"}],"replies":[{"embeddable":true,"href":"https:\/\/www.mtmthetalentagency.com\/en\/wp-json\/wp\/v2\/comments?post=585"}],"version-history":[{"count":61,"href":"https:\/\/www.mtmthetalentagency.com\/en\/wp-json\/wp\/v2\/pages\/585\/revisions"}],"predecessor-version":[{"id":1723,"href":"https:\/\/www.mtmthetalentagency.com\/en\/wp-json\/wp\/v2\/pages\/585\/revisions\/1723"}],"wp:attachment":[{"href":"https:\/\/www.mtmthetalentagency.com\/en\/wp-json\/wp\/v2\/media?parent=585"}],"curies":[{"name":"wp","href":"https:\/\/api.w.org\/{rel}","templated":true}]}}